{"id":11,"date":"2024-09-02T04:38:08","date_gmt":"2024-09-02T04:38:08","guid":{"rendered":"https:\/\/thaisonjsc.com.vn\/?page_id=11"},"modified":"2024-09-04T14:45:17","modified_gmt":"2024-09-04T14:45:17","slug":"gioi-thieu","status":"publish","type":"page","link":"https:\/\/thaisonjsc.com.vn\/?page_id=11","title":{"rendered":"Gi\u1edbi thi\u1ec7u"},"content":{"rendered":"\n<h2 class=\"wp-block-heading has-text-align-center has-large-font-size\" id=\"inspiro-is-a-digital-product-agency-that-focuses-on-strategy-and-design\" style=\"font-style:normal;font-weight:100\"><strong>THAI SON JSC <\/strong>since 2003<\/h2>\n\n\n\n<p><strong>C\u00f4ng Ty C\u1ed5 Ph\u1ea7n S\u1ea3n Xu\u1ea5t Th\u01b0\u01a1ng M\u1ea1i Th\u00e1i S\u01a1n<\/strong> \u0111\u01b0\u1ee3c th\u00e0nh l\u1eadp v\u00e0o ng\u00e0y 16 th\u00e1ng 06 n\u0103m 2003 v\u1edbi ng\u00e0nh ngh\u1ec1 ch\u00ednh l\u00e0 s\u1ea3n xu\u1ea5t kinh doanh c\u00e1c lo\u1ea1i chai, l\u1ecd, \u1ed1ng th\u1ee7y tinh, n\u1eafp nh\u00f4m, n\u00fat cao su ph\u1ee5c v\u1ee5 cho ng\u00e0nh d\u01b0\u1ee3c.<\/p>\n\n\n\n<p>Tr\u1ea3i qua 17 n\u0103m x\u00e2y d\u1ef1ng v\u00e0 ph\u00e1t tri\u1ec3n, v\u1edbi s\u1ef1 n\u1ed7 l\u1ef1c kh\u00f4ng ng\u1eebng c\u1ee7a to\u00e0n th\u1ec3 c\u00e1n b\u1ed9 c\u00f4ng nh\u00e2n vi\u00ean c\u00f4ng ty, s\u1ef1 \u1ee7ng h\u1ed9 qu\u00fd b\u00e1u c\u1ee7a qu\u00fd kh\u00e1ch h\u00e0ng v\u00e0 c\u00e1c \u0111\u1ed1i t\u00e1c, \u0111\u1ebfn nay c\u00f4ng ty \u0111\u00e3 \u0111\u1ea7u t\u01b0 8 d\u00e2y chuy\u1ec1n s\u1ea3n xu\u1ea5t \u1ed1ng th\u1ee7y tinh v\u1edbi nh\u00e0 m\u00e1y \u0111\u1ea1t ti\u00eau chu\u1ea9n <strong>ISO15378<\/strong> ph\u1ee5c v\u1ee5 cho ng\u00e0nh d\u01b0\u1ee3c. C\u00f4ng ty c\u0169ng l\u00e0 m\u1ed9t trong nh\u1eefng \u0111\u01a1n v\u1ecb d\u1eabn \u0111\u1ea7u v\u1ec1 nh\u1eadp kh\u1ea9u v\u00e0 ph\u00e2n ph\u1ed1i c\u00e1c s\u1ea3n ph\u1ea9m tu\u00fdp th\u1ee7y tinh, chai, l\u1ecd, n\u1eafp nh\u00f4m, n\u00fat cao su t\u1eeb Trung Qu\u1ed1c t\u1ea1i th\u1ecb tr\u01b0\u1eddng Vi\u1ec7t Nam.<\/p>\n\n\n\n<div class=\"wp-block-columns alignwide is-layout-flex wp-container-core-columns-is-layout-28f84493 wp-block-columns-is-layout-flex\">\n<div class=\"wp-block-column is-layout-flow wp-block-column-is-layout-flow\">\n<figure class=\"wp-block-image size-full is-resized\"><img loading=\"lazy\" decoding=\"async\" width=\"648\" height=\"502\" src=\"https:\/\/thaisonjsc.com.vn\/wp-content\/uploads\/2024\/09\/Picture7-1.png\" alt=\"\" class=\"wp-image-113\" style=\"width:412px;height:auto\" srcset=\"https:\/\/thaisonjsc.com.vn\/wp-content\/uploads\/2024\/09\/Picture7-1.png 648w, https:\/\/thaisonjsc.com.vn\/wp-content\/uploads\/2024\/09\/Picture7-1-416x322.png 416w, https:\/\/thaisonjsc.com.vn\/wp-content\/uploads\/2024\/09\/Picture7-1-300x232.png 300w\" sizes=\"auto, (max-width: 648px) 100vw, 648px\" \/><\/figure>\n<\/div>\n\n\n\n<div class=\"wp-block-column is-layout-flow wp-block-column-is-layout-flow\">\n<figure class=\"wp-block-image size-full is-resized\"><a href=\"https:\/\/thaisonjsc.com.vn\/?p=92\"><img loading=\"lazy\" decoding=\"async\" width=\"388\" height=\"295\" src=\"https:\/\/thaisonjsc.com.vn\/wp-content\/uploads\/2024\/09\/tuyp.jpg\" alt=\"\" class=\"wp-image-41\" style=\"width:418px;height:auto\" srcset=\"https:\/\/thaisonjsc.com.vn\/wp-content\/uploads\/2024\/09\/tuyp.jpg 388w, https:\/\/thaisonjsc.com.vn\/wp-content\/uploads\/2024\/09\/tuyp-300x228.jpg 300w\" sizes=\"auto, (max-width: 388px) 100vw, 388px\" \/><\/a><\/figure>\n<\/div>\n\n\n\n<div class=\"wp-block-column is-layout-flow wp-block-column-is-layout-flow\">\n<figure class=\"wp-block-image size-full is-resized\"><img loading=\"lazy\" decoding=\"async\" width=\"512\" height=\"342\" src=\"https:\/\/thaisonjsc.com.vn\/wp-content\/uploads\/2024\/09\/ong-bong-loe.gif\" alt=\"\" class=\"wp-image-42\" style=\"width:476px;height:auto\"\/><\/figure>\n<\/div>\n<\/div>\n\n\n\n<p><br>Trong th\u1eddi gian s\u1eafp t\u1edbi, Vi\u1ec7t Nam ti\u1ebfp t\u1ee5c tham gia v\u00e0 h\u1ed9i nh\u1eadp m\u1ea1nh m\u1ebd v\u1edbi th\u1ebf gi\u1edbi tr\u00ean m\u1ecdi ph\u01b0\u01a1ng di\u1ec7n. R\u1ea5t nhi\u1ec1u c\u01a1 h\u1ed9i, th\u00e1ch th\u1ee9c \u0111ang ch\u1edd \u0111\u00f3n ch\u00fang ta \u1edf ph\u00eda tr\u01b0\u1edbc. V\u1edbi mong mu\u1ed1n \u0111\u00f3ng g\u00f3p 1 ph\u1ea7n nh\u1ecf v\u00e0o s\u1ef1 ph\u00e1t tri\u1ec3n c\u1ee7a ng\u00e0nh d\u01b0\u1ee3c Vi\u1ec7t Nam, c\u00f4ng ty lu\u00f4n lu\u00f4n l\u1eafng nghe, ti\u1ebfp thu nh\u01b0ng \u00fd ki\u1ebfn g\u00f3p \u00fd qu\u00fd b\u00e1u c\u1ee7a Qu\u00fd Kh\u00e1ch H\u00e0ng, c\u1ea3i ti\u1ebfn c\u00f4ng ngh\u1ec7 s\u1ea3n xu\u1ea5t v\u00e0 n\u00e2ng cao n\u0103ng l\u1ef1c qu\u1ea3n l\u00fd \u0111\u1ec3 cung c\u1ea5p t\u1edbi kh\u00e1ch h\u00e0ng s\u1ea3n ph\u1ea9m bao b\u00ec \u0111\u1ea1t ch\u1ea5t l\u01b0\u1ee3ng cao v\u1edbi gi\u00e1 c\u1ea3 h\u1ee3p l\u00fd.<\/p>\n\n\n\n<figure class=\"wp-block-image aligncenter size-large is-resized\"><img loading=\"lazy\" decoding=\"async\" width=\"723\" height=\"1024\" src=\"https:\/\/thaisonjsc.com.vn\/wp-content\/uploads\/2024\/09\/15378-2-723x1024.jpg\" alt=\"\" class=\"wp-image-86\" style=\"width:442px;height:auto\" srcset=\"https:\/\/thaisonjsc.com.vn\/wp-content\/uploads\/2024\/09\/15378-2-723x1024.jpg 723w, https:\/\/thaisonjsc.com.vn\/wp-content\/uploads\/2024\/09\/15378-2-416x589.jpg 416w, https:\/\/thaisonjsc.com.vn\/wp-content\/uploads\/2024\/09\/15378-2-212x300.jpg 212w, https:\/\/thaisonjsc.com.vn\/wp-content\/uploads\/2024\/09\/15378-2.jpg 831w\" sizes=\"auto, (max-width: 723px) 100vw, 723px\" \/><\/figure>\n\n\n\n<p>Ch\u00fang t\u00f4i r\u1ea5t mong nh\u1eadn \u0111\u01b0\u1ee3c s\u1ef1 \u1ee7ng h\u1ed9 c\u1ee7a Qu\u00fd kh\u00e1ch h\u00e0ng v\u00e0 cam k\u1ebft v\u1edbi Qu\u00fd kh\u00e1ch h\u00e0ng s\u1ebd cung c\u1ea5p nh\u1eefng s\u1ea3n ph\u1ea9m t\u1ed1t nh\u1ea5t \u0111\u1ec3 g\u00f3p ph\u1ea7n v\u00e0o th\u00e0nh c\u00f4ng trong s\u1ea3n xu\u1ea5t kinh doanh c\u1ee7a Qu\u00fd kh\u00e1ch h\u00e0ng.<br><br>H\u00e2n h\u1ea1nh \u0111\u01b0\u1ee3c ph\u1ee5c v\u1ee5 Qu\u00fd kh\u00e1ch h\u00e0ng!<\/p>\n\n\n\n<div style=\"height:100px\" aria-hidden=\"true\" class=\"wp-block-spacer\"><\/div>\n\n\n\n<div class=\"wp-block-cover alignfull\" style=\"padding-top:50px;padding-right:50px;padding-bottom:50px;padding-left:50px;min-height:316px;aspect-ratio:unset;\"><span aria-hidden=\"true\" class=\"wp-block-cover__background has-black-background-color has-background-dim-100 has-background-dim\"><\/span><div class=\"wp-block-cover__inner-container is-layout-flow wp-block-cover-is-layout-flow\">\n<div class=\"wp-block-columns are-vertically-aligned-center is-layout-flex wp-container-core-columns-is-layout-28f84493 wp-block-columns-is-layout-flex\">\n<div class=\"wp-block-column is-vertically-aligned-center is-layout-flow wp-block-column-is-layout-flow\" style=\"padding-top:20px;padding-right:0px;padding-bottom:20px;padding-left:0px\">\n<div class=\"wp-block-group is-content-justification-space-between is-nowrap is-layout-flex wp-container-core-group-is-layout-bb3dfb5c wp-block-group-is-layout-flex\">\n<figure class=\"wp-block-image size-full is-resized\"><img decoding=\"async\" src=\"https:\/\/thaisonjsc.com.vn\/wp-content\/themes\/inspiro\/assets\/images\/laurel_left.png\" alt=\"\" style=\"width:39px;height:auto\"\/><\/figure>\n\n\n\n<div class=\"wp-block-group is-vertical is-layout-flex wp-container-core-group-is-layout-fe9cc265 wp-block-group-is-layout-flex\"><\/div>\n\n\n\n<figure class=\"wp-block-image size-full\"><img loading=\"lazy\" decoding=\"async\" width=\"831\" height=\"1177\" src=\"https:\/\/thaisonjsc.com.vn\/wp-content\/uploads\/2024\/09\/15378-1.jpg\" alt=\"\" class=\"wp-image-48\" srcset=\"https:\/\/thaisonjsc.com.vn\/wp-content\/uploads\/2024\/09\/15378-1.jpg 831w, https:\/\/thaisonjsc.com.vn\/wp-content\/uploads\/2024\/09\/15378-1-416x589.jpg 416w, https:\/\/thaisonjsc.com.vn\/wp-content\/uploads\/2024\/09\/15378-1-212x300.jpg 212w, https:\/\/thaisonjsc.com.vn\/wp-content\/uploads\/2024\/09\/15378-1-723x1024.jpg 723w\" sizes=\"auto, (max-width: 831px) 100vw, 831px\" \/><\/figure>\n<\/div>\n<\/div>\n\n\n\n<div class=\"wp-block-column is-vertically-aligned-center is-layout-flow wp-block-column-is-layout-flow\" style=\"padding-top:20px;padding-right:0px;padding-bottom:20px;padding-left:0px\">\n<div class=\"wp-block-group is-content-justification-space-between is-nowrap is-layout-flex wp-container-core-group-is-layout-bb3dfb5c wp-block-group-is-layout-flex\">\n<figure class=\"wp-block-image size-large\"><img decoding=\"async\" src=\"https:\/\/thaisonjsc.com.vn\/wp-content\/themes\/inspiro\/assets\/images\/laurel_right.png\" alt=\"\"\/><\/figure>\n\n\n\n<div class=\"wp-block-group is-layout-flow wp-block-group-is-layout-flow\">\n<p class=\"has-text-align-center has-white-color has-text-color\" style=\"font-size:clamp(14px, 0.875rem + ((1vw - 3.2px) * 0.417), 18px);line-height:1\">Ch\u1ee9ng ch\u1ec9<br><br>ISO 15378<br>ISO 9001:2015<\/p>\n<\/div>\n\n\n\n<figure class=\"wp-block-image size-large is-resized\"><img decoding=\"async\" src=\"https:\/\/thaisonjsc.com.vn\/wp-content\/themes\/inspiro\/assets\/images\/laurel_left.png\" alt=\"\" style=\"width:36px;height:auto\"\/><\/figure>\n<\/div>\n<\/div>\n\n\n\n<div class=\"wp-block-column is-vertically-aligned-center is-layout-flow wp-block-column-is-layout-flow\" style=\"padding-top:20px;padding-right:0px;padding-bottom:20px;padding-left:0px\">\n<div class=\"wp-block-group is-content-justification-space-between is-nowrap is-layout-flex wp-container-core-group-is-layout-bb3dfb5c wp-block-group-is-layout-flex\">\n<figure class=\"wp-block-image size-full\"><img loading=\"lazy\" decoding=\"async\" width=\"701\" height=\"993\" src=\"https:\/\/thaisonjsc.com.vn\/wp-content\/uploads\/2024\/09\/Chung-nhan-ISO9001-2015.jpg\" alt=\"\" class=\"wp-image-49\" srcset=\"https:\/\/thaisonjsc.com.vn\/wp-content\/uploads\/2024\/09\/Chung-nhan-ISO9001-2015.jpg 701w, https:\/\/thaisonjsc.com.vn\/wp-content\/uploads\/2024\/09\/Chung-nhan-ISO9001-2015-416x589.jpg 416w, https:\/\/thaisonjsc.com.vn\/wp-content\/uploads\/2024\/09\/Chung-nhan-ISO9001-2015-212x300.jpg 212w\" sizes=\"auto, (max-width: 701px) 100vw, 701px\" \/><\/figure>\n\n\n\n<div class=\"wp-block-group is-nowrap is-layout-flex wp-container-core-group-is-layout-6c531013 wp-block-group-is-layout-flex\"><\/div>\n\n\n\n<figure class=\"wp-block-image size-full is-resized\"><img decoding=\"async\" src=\"https:\/\/thaisonjsc.com.vn\/wp-content\/themes\/inspiro\/assets\/images\/laurel_right.png\" alt=\"\" style=\"width:35px;height:auto\"\/><\/figure>\n<\/div>\n<\/div>\n<\/div>\n<\/div><\/div>\n","protected":false},"excerpt":{"rendered":"<p>THAI SON JSC since 2003 C\u00f4ng Ty C\u1ed5 Ph\u1ea7n S\u1ea3n Xu\u1ea5t Th\u01b0\u01a1ng M\u1ea1i Th\u00e1i S\u01a1n \u0111\u01b0\u1ee3c th\u00e0nh l\u1eadp v\u00e0o ng\u00e0y 16 th\u00e1ng 06 n\u0103m 2003 v\u1edbi ng\u00e0nh ngh\u1ec1 ch\u00ednh l\u00e0 s\u1ea3n xu\u1ea5t kinh doanh c\u00e1c lo\u1ea1i chai, l\u1ecd, \u1ed1ng th\u1ee7y tinh, n\u1eafp nh\u00f4m, n\u00fat cao su ph\u1ee5c v\u1ee5 cho ng\u00e0nh d\u01b0\u1ee3c. Tr\u1ea3i qua 17 n\u0103m &hellip; <\/p>\n<p class=\"link-more\"><a href=\"https:\/\/thaisonjsc.com.vn\/?page_id=11\" class=\"more-link\">Read more<span class=\"screen-reader-text\"> &#8220;Gi\u1edbi thi\u1ec7u&#8221;<\/span><\/a><\/p>\n","protected":false},"author":2,"featured_media":8,"parent":0,"menu_order":0,"comment_status":"closed","ping_status":"closed","template":"","meta":{"footnotes":""},"class_list":["post-11","page","type-page","status-publish","has-post-thumbnail","hentry"],"yoast_head":"<!-- This site is optimized with the Yoast SEO Premium plugin v26.2 (Yoast SEO v27.5) - https:\/\/yoast.com\/product\/yoast-seo-premium-wordpress\/ -->\n<title>Gi\u1edbi thi\u1ec7u - Thai Son JSC<\/title>\n<meta name=\"description\" content=\"Chuy\u00ean ph\u00e2n ph\u1ed1i tu\u00fdp th\u1ee7y tinh, \u1ed1ng th\u1ee7y tinh, chai l\u1ecd th\u1ee7y tinh, l\u1ecd th\u1ee7y tinh 5ml, n\u1eafp nh\u00f4m, n\u00fat cao su. Nh\u1eadn s\u1ea3n xu\u1ea5t v\u00e0 in \u1ea5n theo y\u00eau c\u1ea7u\" \/>\n<meta name=\"robots\" content=\"index, follow, max-snippet:-1, max-image-preview:large, max-video-preview:-1\" \/>\n<link rel=\"canonical\" href=\"https:\/\/thaisonjsc.com.vn\/?page_id=11\" \/>\n<meta property=\"og:locale\" content=\"vi_VN\" \/>\n<meta property=\"og:type\" content=\"article\" \/>\n<meta property=\"og:title\" content=\"Gi\u1edbi thi\u1ec7u\" \/>\n<meta property=\"og:description\" content=\"Chuy\u00ean ph\u00e2n ph\u1ed1i tu\u00fdp th\u1ee7y tinh, \u1ed1ng th\u1ee7y tinh, chai l\u1ecd th\u1ee7y tinh, l\u1ecd th\u1ee7y tinh 5ml, n\u1eafp nh\u00f4m, n\u00fat cao su. Nh\u1eadn s\u1ea3n xu\u1ea5t v\u00e0 in \u1ea5n theo y\u00eau c\u1ea7u\" \/>\n<meta property=\"og:url\" content=\"https:\/\/thaisonjsc.com.vn\/?page_id=11\" \/>\n<meta property=\"og:site_name\" content=\"Thai Son JSC\" \/>\n<meta property=\"article:modified_time\" content=\"2024-09-04T14:45:17+00:00\" \/>\n<meta property=\"og:image\" content=\"https:\/\/thaisonjsc.com.vn\/wp-content\/uploads\/2024\/09\/StockSnap_M6D1GS9PSL.jpg\" \/>\n\t<meta property=\"og:image:width\" content=\"2000\" \/>\n\t<meta property=\"og:image:height\" content=\"1317\" \/>\n\t<meta property=\"og:image:type\" content=\"image\/jpeg\" \/>\n<meta name=\"twitter:card\" content=\"summary_large_image\" \/>\n<meta name=\"twitter:label1\" content=\"\u01af\u1edbc t\u00ednh th\u1eddi gian \u0111\u1ecdc\" \/>\n\t<meta name=\"twitter:data1\" content=\"4 ph\u00fat\" \/>\n<script type=\"application\/ld+json\" class=\"yoast-schema-graph\">{\"@context\":\"https:\\\/\\\/schema.org\",\"@graph\":[{\"@type\":\"WebPage\",\"@id\":\"https:\\\/\\\/thaisonjsc.com.vn\\\/?page_id=11\",\"url\":\"https:\\\/\\\/thaisonjsc.com.vn\\\/?page_id=11\",\"name\":\"Gi\u1edbi thi\u1ec7u - Thai Son JSC\",\"isPartOf\":{\"@id\":\"https:\\\/\\\/thaisonjsc.com.vn\\\/#website\"},\"primaryImageOfPage\":{\"@id\":\"https:\\\/\\\/thaisonjsc.com.vn\\\/?page_id=11#primaryimage\"},\"image\":{\"@id\":\"https:\\\/\\\/thaisonjsc.com.vn\\\/?page_id=11#primaryimage\"},\"thumbnailUrl\":\"https:\\\/\\\/thaisonjsc.com.vn\\\/wp-content\\\/uploads\\\/2024\\\/09\\\/StockSnap_M6D1GS9PSL.jpg\",\"datePublished\":\"2024-09-02T04:38:08+00:00\",\"dateModified\":\"2024-09-04T14:45:17+00:00\",\"description\":\"Chuy\u00ean ph\u00e2n ph\u1ed1i tu\u00fdp th\u1ee7y tinh, \u1ed1ng th\u1ee7y tinh, chai l\u1ecd th\u1ee7y tinh, l\u1ecd th\u1ee7y tinh 5ml, n\u1eafp nh\u00f4m, n\u00fat cao su. Nh\u1eadn s\u1ea3n xu\u1ea5t v\u00e0 in \u1ea5n theo y\u00eau c\u1ea7u\",\"breadcrumb\":{\"@id\":\"https:\\\/\\\/thaisonjsc.com.vn\\\/?page_id=11#breadcrumb\"},\"inLanguage\":\"vi\",\"potentialAction\":[{\"@type\":\"ReadAction\",\"target\":[\"https:\\\/\\\/thaisonjsc.com.vn\\\/?page_id=11\"]}]},{\"@type\":\"ImageObject\",\"inLanguage\":\"vi\",\"@id\":\"https:\\\/\\\/thaisonjsc.com.vn\\\/?page_id=11#primaryimage\",\"url\":\"https:\\\/\\\/thaisonjsc.com.vn\\\/wp-content\\\/uploads\\\/2024\\\/09\\\/StockSnap_M6D1GS9PSL.jpg\",\"contentUrl\":\"https:\\\/\\\/thaisonjsc.com.vn\\\/wp-content\\\/uploads\\\/2024\\\/09\\\/StockSnap_M6D1GS9PSL.jpg\",\"width\":2000,\"height\":1317},{\"@type\":\"BreadcrumbList\",\"@id\":\"https:\\\/\\\/thaisonjsc.com.vn\\\/?page_id=11#breadcrumb\",\"itemListElement\":[{\"@type\":\"ListItem\",\"position\":1,\"name\":\"Trang ch\u1ee7\",\"item\":\"https:\\\/\\\/thaisonjsc.com.vn\\\/\"},{\"@type\":\"ListItem\",\"position\":2,\"name\":\"Gi\u1edbi thi\u1ec7u\"}]},{\"@type\":\"WebSite\",\"@id\":\"https:\\\/\\\/thaisonjsc.com.vn\\\/#website\",\"url\":\"https:\\\/\\\/thaisonjsc.com.vn\\\/\",\"name\":\"Thai Son JSC\",\"description\":\"Chai l\u1ecd tu\u00fdp th\u1ee7y tinh\",\"publisher\":{\"@id\":\"https:\\\/\\\/thaisonjsc.com.vn\\\/#organization\"},\"alternateName\":\"Thuy Tinh Thai Son\",\"potentialAction\":[{\"@type\":\"SearchAction\",\"target\":{\"@type\":\"EntryPoint\",\"urlTemplate\":\"https:\\\/\\\/thaisonjsc.com.vn\\\/?s={search_term_string}\"},\"query-input\":{\"@type\":\"PropertyValueSpecification\",\"valueRequired\":true,\"valueName\":\"search_term_string\"}}],\"inLanguage\":\"vi\"},{\"@type\":\"Organization\",\"@id\":\"https:\\\/\\\/thaisonjsc.com.vn\\\/#organization\",\"name\":\"Thai Son JSC\",\"alternateName\":\"Thuy Tinh Thai Son\",\"url\":\"https:\\\/\\\/thaisonjsc.com.vn\\\/\",\"logo\":{\"@type\":\"ImageObject\",\"inLanguage\":\"vi\",\"@id\":\"https:\\\/\\\/thaisonjsc.com.vn\\\/#\\\/schema\\\/logo\\\/image\\\/\",\"url\":\"https:\\\/\\\/thaisonjsc.com.vn\\\/wp-content\\\/uploads\\\/2024\\\/09\\\/cropped-cropped-cropped-MicrosoftTeams-image-2.jpg\",\"contentUrl\":\"https:\\\/\\\/thaisonjsc.com.vn\\\/wp-content\\\/uploads\\\/2024\\\/09\\\/cropped-cropped-cropped-MicrosoftTeams-image-2.jpg\",\"width\":512,\"height\":512,\"caption\":\"Thai Son JSC\"},\"image\":{\"@id\":\"https:\\\/\\\/thaisonjsc.com.vn\\\/#\\\/schema\\\/logo\\\/image\\\/\"}}]}<\/script>\n<!-- \/ Yoast SEO Premium plugin. -->","yoast_head_json":{"title":"Gi\u1edbi thi\u1ec7u - Thai Son JSC","description":"Chuy\u00ean ph\u00e2n ph\u1ed1i tu\u00fdp th\u1ee7y tinh, \u1ed1ng th\u1ee7y tinh, chai l\u1ecd th\u1ee7y tinh, l\u1ecd th\u1ee7y tinh 5ml, n\u1eafp nh\u00f4m, n\u00fat cao su. Nh\u1eadn s\u1ea3n xu\u1ea5t v\u00e0 in \u1ea5n theo y\u00eau c\u1ea7u","robots":{"index":"index","follow":"follow","max-snippet":"max-snippet:-1","max-image-preview":"max-image-preview:large","max-video-preview":"max-video-preview:-1"},"canonical":"https:\/\/thaisonjsc.com.vn\/?page_id=11","og_locale":"vi_VN","og_type":"article","og_title":"Gi\u1edbi thi\u1ec7u","og_description":"Chuy\u00ean ph\u00e2n ph\u1ed1i tu\u00fdp th\u1ee7y tinh, \u1ed1ng th\u1ee7y tinh, chai l\u1ecd th\u1ee7y tinh, l\u1ecd th\u1ee7y tinh 5ml, n\u1eafp nh\u00f4m, n\u00fat cao su. Nh\u1eadn s\u1ea3n xu\u1ea5t v\u00e0 in \u1ea5n theo y\u00eau c\u1ea7u","og_url":"https:\/\/thaisonjsc.com.vn\/?page_id=11","og_site_name":"Thai Son JSC","article_modified_time":"2024-09-04T14:45:17+00:00","og_image":[{"width":2000,"height":1317,"url":"https:\/\/thaisonjsc.com.vn\/wp-content\/uploads\/2024\/09\/StockSnap_M6D1GS9PSL.jpg","type":"image\/jpeg"}],"twitter_card":"summary_large_image","twitter_misc":{"\u01af\u1edbc t\u00ednh th\u1eddi gian \u0111\u1ecdc":"4 ph\u00fat"},"schema":{"@context":"https:\/\/schema.org","@graph":[{"@type":"WebPage","@id":"https:\/\/thaisonjsc.com.vn\/?page_id=11","url":"https:\/\/thaisonjsc.com.vn\/?page_id=11","name":"Gi\u1edbi thi\u1ec7u - Thai Son JSC","isPartOf":{"@id":"https:\/\/thaisonjsc.com.vn\/#website"},"primaryImageOfPage":{"@id":"https:\/\/thaisonjsc.com.vn\/?page_id=11#primaryimage"},"image":{"@id":"https:\/\/thaisonjsc.com.vn\/?page_id=11#primaryimage"},"thumbnailUrl":"https:\/\/thaisonjsc.com.vn\/wp-content\/uploads\/2024\/09\/StockSnap_M6D1GS9PSL.jpg","datePublished":"2024-09-02T04:38:08+00:00","dateModified":"2024-09-04T14:45:17+00:00","description":"Chuy\u00ean ph\u00e2n ph\u1ed1i tu\u00fdp th\u1ee7y tinh, \u1ed1ng th\u1ee7y tinh, chai l\u1ecd th\u1ee7y tinh, l\u1ecd th\u1ee7y tinh 5ml, n\u1eafp nh\u00f4m, n\u00fat cao su. Nh\u1eadn s\u1ea3n xu\u1ea5t v\u00e0 in \u1ea5n theo y\u00eau c\u1ea7u","breadcrumb":{"@id":"https:\/\/thaisonjsc.com.vn\/?page_id=11#breadcrumb"},"inLanguage":"vi","potentialAction":[{"@type":"ReadAction","target":["https:\/\/thaisonjsc.com.vn\/?page_id=11"]}]},{"@type":"ImageObject","inLanguage":"vi","@id":"https:\/\/thaisonjsc.com.vn\/?page_id=11#primaryimage","url":"https:\/\/thaisonjsc.com.vn\/wp-content\/uploads\/2024\/09\/StockSnap_M6D1GS9PSL.jpg","contentUrl":"https:\/\/thaisonjsc.com.vn\/wp-content\/uploads\/2024\/09\/StockSnap_M6D1GS9PSL.jpg","width":2000,"height":1317},{"@type":"BreadcrumbList","@id":"https:\/\/thaisonjsc.com.vn\/?page_id=11#breadcrumb","itemListElement":[{"@type":"ListItem","position":1,"name":"Trang ch\u1ee7","item":"https:\/\/thaisonjsc.com.vn\/"},{"@type":"ListItem","position":2,"name":"Gi\u1edbi thi\u1ec7u"}]},{"@type":"WebSite","@id":"https:\/\/thaisonjsc.com.vn\/#website","url":"https:\/\/thaisonjsc.com.vn\/","name":"Thai Son JSC","description":"Chai l\u1ecd tu\u00fdp th\u1ee7y tinh","publisher":{"@id":"https:\/\/thaisonjsc.com.vn\/#organization"},"alternateName":"Thuy Tinh Thai Son","potentialAction":[{"@type":"SearchAction","target":{"@type":"EntryPoint","urlTemplate":"https:\/\/thaisonjsc.com.vn\/?s={search_term_string}"},"query-input":{"@type":"PropertyValueSpecification","valueRequired":true,"valueName":"search_term_string"}}],"inLanguage":"vi"},{"@type":"Organization","@id":"https:\/\/thaisonjsc.com.vn\/#organization","name":"Thai Son JSC","alternateName":"Thuy Tinh Thai Son","url":"https:\/\/thaisonjsc.com.vn\/","logo":{"@type":"ImageObject","inLanguage":"vi","@id":"https:\/\/thaisonjsc.com.vn\/#\/schema\/logo\/image\/","url":"https:\/\/thaisonjsc.com.vn\/wp-content\/uploads\/2024\/09\/cropped-cropped-cropped-MicrosoftTeams-image-2.jpg","contentUrl":"https:\/\/thaisonjsc.com.vn\/wp-content\/uploads\/2024\/09\/cropped-cropped-cropped-MicrosoftTeams-image-2.jpg","width":512,"height":512,"caption":"Thai Son JSC"},"image":{"@id":"https:\/\/thaisonjsc.com.vn\/#\/schema\/logo\/image\/"}}]}},"jetpack_sharing_enabled":true,"_links":{"self":[{"href":"https:\/\/thaisonjsc.com.vn\/index.php?rest_route=\/wp\/v2\/pages\/11","targetHints":{"allow":["GET"]}}],"collection":[{"href":"https:\/\/thaisonjsc.com.vn\/index.php?rest_route=\/wp\/v2\/pages"}],"about":[{"href":"https:\/\/thaisonjsc.com.vn\/index.php?rest_route=\/wp\/v2\/types\/page"}],"author":[{"embeddable":true,"href":"https:\/\/thaisonjsc.com.vn\/index.php?rest_route=\/wp\/v2\/users\/2"}],"replies":[{"embeddable":true,"href":"https:\/\/thaisonjsc.com.vn\/index.php?rest_route=%2Fwp%2Fv2%2Fcomments&post=11"}],"version-history":[{"count":14,"href":"https:\/\/thaisonjsc.com.vn\/index.php?rest_route=\/wp\/v2\/pages\/11\/revisions"}],"predecessor-version":[{"id":181,"href":"https:\/\/thaisonjsc.com.vn\/index.php?rest_route=\/wp\/v2\/pages\/11\/revisions\/181"}],"wp:featuredmedia":[{"embeddable":true,"href":"https:\/\/thaisonjsc.com.vn\/index.php?rest_route=\/wp\/v2\/media\/8"}],"wp:attachment":[{"href":"https:\/\/thaisonjsc.com.vn\/index.php?rest_route=%2Fwp%2Fv2%2Fmedia&parent=11"}],"curies":[{"name":"wp","href":"https:\/\/api.w.org\/{rel}","templated":true}]}}