{"id":12,"date":"2024-09-02T04:38:09","date_gmt":"2024-09-02T04:38:09","guid":{"rendered":"https:\/\/thaisonjsc.com.vn\/?page_id=12"},"modified":"2024-09-04T14:48:10","modified_gmt":"2024-09-04T14:48:10","slug":"lien-he","status":"publish","type":"page","link":"https:\/\/thaisonjsc.com.vn\/?page_id=12","title":{"rendered":"Li\u00ean h\u1ec7"},"content":{"rendered":"\n<div class=\"wp-block-group has-global-padding is-layout-constrained wp-block-group-is-layout-constrained\">\n<div class=\"wp-block-columns are-vertically-aligned-top is-layout-flex wp-container-core-columns-is-layout-d7d455e7 wp-block-columns-is-layout-flex\" style=\"padding-top:0;padding-right:0;padding-bottom:0;padding-left:0\">\n<div class=\"wp-block-column is-vertically-aligned-top is-layout-flow wp-block-column-is-layout-flow\" style=\"padding-right:7%;flex-basis:50%\">\n<p class=\"has-text-color\" style=\"color:#0bb4aa\"><\/p>\n\n\n\n<h2 class=\"wp-block-heading has-large-font-size\">Li\u00ean h\u1ec7 v\u1edbi ch\u00fang t\u00f4i<\/h2>\n\n\n\n<p>Mrs.H\u00e0 : +84968.475.986<\/p>\n\n\n\n<p>Mr. Th\u00e1i: +8486.202.8088<\/p>\n\n\n\n<p>Email: thaisonjsc.company@gmail.com<\/p>\n\n\n\n<p>Th\u1eddi gian l\u00e0m vi\u1ec7c t\u1eeb 8:00 &#8211; 17:00, th\u1ee9 2 &#8211; 6 h\u00e0ng tu\u1ea7n.<br>\u0110\u1ed9i 2, T\u1ea3 Thanh Oai, Thanh Tr\u00ec, H\u00e0 N\u1ed9i<\/p>\n<\/div>\n\n\n\n<div class=\"wp-block-column is-vertically-aligned-top is-layout-flow wp-block-column-is-layout-flow\" style=\"flex-basis:50%\"><\/div>\n<\/div>\n<\/div>\n\n\n\n<div class=\"wp-block-group has-global-padding is-layout-constrained wp-block-group-is-layout-constrained\">\n<div class=\"wp-block-columns are-vertically-aligned-center is-layout-flex wp-container-core-columns-is-layout-28f84493 wp-block-columns-is-layout-flex\">\n<div class=\"wp-block-column is-vertically-aligned-center is-layout-flow wp-block-column-is-layout-flow\">\n<h2 class=\"wp-block-heading has-large-font-size\" style=\"font-weight:700\">Contact us<\/h2>\n\n\n\n<p style=\"font-size:clamp(0.875em, 0.875rem + ((1vw - 0.2em) * 0.375), 1.1em);\">\u0110\u1ed9i 2, T\u1ea3 Thanh Oai, Thanh Tr\u00ec, H\u00e0 N\u1ed9i<\/p>\n\n\n\n<p style=\"font-size:clamp(0.875em, 0.875rem + ((1vw - 0.2em) * 0.375), 1.1em);\">Phone: +84<strong>968475986<\/strong><br>Email: <a href=\"mailto:example@example.com\">thaisonjsc.company@gmail.com<\/a><\/p>\n\n\n\n<ul class=\"wp-block-social-links has-icon-color is-style-logos-only is-layout-flex wp-block-social-links-is-layout-flex\"><li style=\"color:#000000;\" class=\"wp-social-link wp-social-link-facebook has-black-color wp-block-social-link\"><a href=\"https:\/\/facebook.com\/\" class=\"wp-block-social-link-anchor\"><svg width=\"24\" height=\"24\" viewBox=\"0 0 24 24\" version=\"1.1\" xmlns=\"http:\/\/www.w3.org\/2000\/svg\" aria-hidden=\"true\" focusable=\"false\"><path d=\"M12 2C6.5 2 2 6.5 2 12c0 5 3.7 9.1 8.4 9.9v-7H7.9V12h2.5V9.8c0-2.5 1.5-3.9 3.8-3.9 1.1 0 2.2.2 2.2.2v2.5h-1.3c-1.2 0-1.6.8-1.6 1.6V12h2.8l-.4 2.9h-2.3v7C18.3 21.1 22 17 22 12c0-5.5-4.5-10-10-10z\"><\/path><\/svg><span class=\"wp-block-social-link-label screen-reader-text\">Facebook<\/span><\/a><\/li>\n\n<li style=\"color:#000000;\" class=\"wp-social-link wp-social-link-instagram has-black-color wp-block-social-link\"><a href=\"https:\/\/instagram.com\" class=\"wp-block-social-link-anchor\"><svg width=\"24\" height=\"24\" viewBox=\"0 0 24 24\" version=\"1.1\" xmlns=\"http:\/\/www.w3.org\/2000\/svg\" aria-hidden=\"true\" focusable=\"false\"><path d=\"M12,4.622c2.403,0,2.688,0.009,3.637,0.052c0.877,0.04,1.354,0.187,1.671,0.31c0.42,0.163,0.72,0.358,1.035,0.673 c0.315,0.315,0.51,0.615,0.673,1.035c0.123,0.317,0.27,0.794,0.31,1.671c0.043,0.949,0.052,1.234,0.052,3.637 s-0.009,2.688-0.052,3.637c-0.04,0.877-0.187,1.354-0.31,1.671c-0.163,0.42-0.358,0.72-0.673,1.035 c-0.315,0.315-0.615,0.51-1.035,0.673c-0.317,0.123-0.794,0.27-1.671,0.31c-0.949,0.043-1.233,0.052-3.637,0.052 s-2.688-0.009-3.637-0.052c-0.877-0.04-1.354-0.187-1.671-0.31c-0.42-0.163-0.72-0.358-1.035-0.673 c-0.315-0.315-0.51-0.615-0.673-1.035c-0.123-0.317-0.27-0.794-0.31-1.671C4.631,14.688,4.622,14.403,4.622,12 s0.009-2.688,0.052-3.637c0.04-0.877,0.187-1.354,0.31-1.671c0.163-0.42,0.358-0.72,0.673-1.035 c0.315-0.315,0.615-0.51,1.035-0.673c0.317-0.123,0.794-0.27,1.671-0.31C9.312,4.631,9.597,4.622,12,4.622 M12,3 C9.556,3,9.249,3.01,8.289,3.054C7.331,3.098,6.677,3.25,6.105,3.472C5.513,3.702,5.011,4.01,4.511,4.511 c-0.5,0.5-0.808,1.002-1.038,1.594C3.25,6.677,3.098,7.331,3.054,8.289C3.01,9.249,3,9.556,3,12c0,2.444,0.01,2.751,0.054,3.711 c0.044,0.958,0.196,1.612,0.418,2.185c0.23,0.592,0.538,1.094,1.038,1.594c0.5,0.5,1.002,0.808,1.594,1.038 c0.572,0.222,1.227,0.375,2.185,0.418C9.249,20.99,9.556,21,12,21s2.751-0.01,3.711-0.054c0.958-0.044,1.612-0.196,2.185-0.418 c0.592-0.23,1.094-0.538,1.594-1.038c0.5-0.5,0.808-1.002,1.038-1.594c0.222-0.572,0.375-1.227,0.418-2.185 C20.99,14.751,21,14.444,21,12s-0.01-2.751-0.054-3.711c-0.044-0.958-0.196-1.612-0.418-2.185c-0.23-0.592-0.538-1.094-1.038-1.594 c-0.5-0.5-1.002-0.808-1.594-1.038c-0.572-0.222-1.227-0.375-2.185-0.418C14.751,3.01,14.444,3,12,3L12,3z M12,7.378 c-2.552,0-4.622,2.069-4.622,4.622S9.448,16.622,12,16.622s4.622-2.069,4.622-4.622S14.552,7.378,12,7.378z M12,15 c-1.657,0-3-1.343-3-3s1.343-3,3-3s3,1.343,3,3S13.657,15,12,15z M16.804,6.116c-0.596,0-1.08,0.484-1.08,1.08 s0.484,1.08,1.08,1.08c0.596,0,1.08-0.484,1.08-1.08S17.401,6.116,16.804,6.116z\"><\/path><\/svg><span class=\"wp-block-social-link-label screen-reader-text\">Instagram<\/span><\/a><\/li>\n\n<li style=\"color:#000000;\" class=\"wp-social-link wp-social-link-twitter has-black-color wp-block-social-link\"><a href=\"https:\/\/twitter.com\" class=\"wp-block-social-link-anchor\"><svg width=\"24\" height=\"24\" viewBox=\"0 0 24 24\" version=\"1.1\" xmlns=\"http:\/\/www.w3.org\/2000\/svg\" aria-hidden=\"true\" focusable=\"false\"><path d=\"M22.23,5.924c-0.736,0.326-1.527,0.547-2.357,0.646c0.847-0.508,1.498-1.312,1.804-2.27 c-0.793,0.47-1.671,0.812-2.606,0.996C18.324,4.498,17.257,4,16.077,4c-2.266,0-4.103,1.837-4.103,4.103 c0,0.322,0.036,0.635,0.106,0.935C8.67,8.867,5.647,7.234,3.623,4.751C3.27,5.357,3.067,6.062,3.067,6.814 c0,1.424,0.724,2.679,1.825,3.415c-0.673-0.021-1.305-0.206-1.859-0.513c0,0.017,0,0.034,0,0.052c0,1.988,1.414,3.647,3.292,4.023 c-0.344,0.094-0.707,0.144-1.081,0.144c-0.264,0-0.521-0.026-0.772-0.074c0.522,1.63,2.038,2.816,3.833,2.85 c-1.404,1.1-3.174,1.756-5.096,1.756c-0.331,0-0.658-0.019-0.979-0.057c1.816,1.164,3.973,1.843,6.29,1.843 c7.547,0,11.675-6.252,11.675-11.675c0-0.178-0.004-0.355-0.012-0.531C20.985,7.47,21.68,6.747,22.23,5.924z\"><\/path><\/svg><span class=\"wp-block-social-link-label screen-reader-text\">Twitter<\/span><\/a><\/li><\/ul>\n<\/div>\n\n\n\n<div class=\"wp-block-column is-vertically-aligned-center is-layout-flow wp-block-column-is-layout-flow\">\n<div style=\"height:68px\" aria-hidden=\"true\" class=\"wp-block-spacer\"><\/div>\n\n\n\n<iframe src=\"https:\/\/www.google.com\/maps\/embed?pb=!1m18!1m12!1m3!1d465.73976963014917!2d105.81056595841895!3d20.955801603291995!2m3!1f0!2f0!3f0!3m2!1i1024!2i768!4f13.1!3m3!1m2!1s0x3135ad006770ed0f%3A0x23f63a692b8a26de!2zVGjDoWkgU8ahbiBKU0M!5e0!3m2!1sen!2s!4v1725259152462!5m2!1sen!2s\" width=\"600\" height=\"450\" style=\"border:0;\" allowfullscreen=\"\" loading=\"lazy\" referrerpolicy=\"no-referrer-when-downgrade\"><\/iframe>\n<\/div>\n<\/div>\n<\/div>\n\n\n\n<div style=\"height:100px\" aria-hidden=\"true\" class=\"wp-block-spacer\"><\/div>\n\n\n\n<div class=\"wp-block-group has-global-padding is-layout-constrained wp-block-group-is-layout-constrained\">\n<div style=\"height:33px\" aria-hidden=\"true\" class=\"wp-block-spacer\"><\/div>\n\n\n\n<div style=\"height:45px\" aria-hidden=\"true\" class=\"wp-block-spacer\"><\/div>\n<\/div>\n","protected":false},"excerpt":{"rendered":"<p>Li\u00ean h\u1ec7 v\u1edbi ch\u00fang t\u00f4i Mrs.H\u00e0 : +84968.475.986 Mr. Th\u00e1i: +8486.202.8088 Email: thaisonjsc.company@gmail.com Th\u1eddi gian l\u00e0m vi\u1ec7c t\u1eeb 8:00 &#8211; 17:00, th\u1ee9 2 &#8211; 6 h\u00e0ng tu\u1ea7n.\u0110\u1ed9i 2, T\u1ea3 Thanh Oai, Thanh Tr\u00ec, H\u00e0 N\u1ed9i Contact us \u0110\u1ed9i 2, T\u1ea3 Thanh Oai, Thanh Tr\u00ec, H\u00e0 N\u1ed9i Phone: +84968475986Email: thaisonjsc.company@gmail.com<\/p>\n","protected":false},"author":2,"featured_media":9,"parent":0,"menu_order":0,"comment_status":"closed","ping_status":"closed","template":"","meta":{"footnotes":""},"class_list":["post-12","page","type-page","status-publish","has-post-thumbnail","hentry"],"yoast_head":"<!-- This site is optimized with the Yoast SEO Premium plugin v26.2 (Yoast SEO v27.5) - https:\/\/yoast.com\/product\/yoast-seo-premium-wordpress\/ -->\n<title>Li\u00ean h\u1ec7 - Thai Son JSC<\/title>\n<meta name=\"description\" content=\"Chuy\u00ean ph\u00e2n ph\u1ed1i tu\u00fdp th\u1ee7y tinh, \u1ed1ng th\u1ee7y tinh, chai l\u1ecd th\u1ee7y tinh, l\u1ecd th\u1ee7y tinh 5ml, n\u1eafp nh\u00f4m, n\u00fat cao su. Nh\u1eadn s\u1ea3n xu\u1ea5t v\u00e0 in \u1ea5n theo y\u00eau c\u1ea7u\" \/>\n<meta name=\"robots\" content=\"index, follow, max-snippet:-1, max-image-preview:large, max-video-preview:-1\" \/>\n<link rel=\"canonical\" href=\"https:\/\/thaisonjsc.com.vn\/?page_id=12\" \/>\n<meta property=\"og:locale\" content=\"vi_VN\" \/>\n<meta property=\"og:type\" content=\"article\" \/>\n<meta property=\"og:title\" content=\"Li\u00ean h\u1ec7\" \/>\n<meta property=\"og:description\" content=\"Chuy\u00ean ph\u00e2n ph\u1ed1i tu\u00fdp th\u1ee7y tinh, \u1ed1ng th\u1ee7y tinh, chai l\u1ecd th\u1ee7y tinh, l\u1ecd th\u1ee7y tinh 5ml, n\u1eafp nh\u00f4m, n\u00fat cao su. Nh\u1eadn s\u1ea3n xu\u1ea5t v\u00e0 in \u1ea5n theo y\u00eau c\u1ea7u\" \/>\n<meta property=\"og:url\" content=\"https:\/\/thaisonjsc.com.vn\/?page_id=12\" \/>\n<meta property=\"og:site_name\" content=\"Thai Son JSC\" \/>\n<meta property=\"article:modified_time\" content=\"2024-09-04T14:48:10+00:00\" \/>\n<meta property=\"og:image\" content=\"https:\/\/thaisonjsc.com.vn\/wp-content\/uploads\/2024\/09\/StockSnap_6O7JXC5DC5.jpg\" \/>\n\t<meta property=\"og:image:width\" content=\"2200\" \/>\n\t<meta property=\"og:image:height\" content=\"1468\" \/>\n\t<meta property=\"og:image:type\" content=\"image\/jpeg\" \/>\n<meta name=\"twitter:card\" content=\"summary_large_image\" \/>\n<meta name=\"twitter:label1\" content=\"\u01af\u1edbc t\u00ednh th\u1eddi gian \u0111\u1ecdc\" \/>\n\t<meta name=\"twitter:data1\" content=\"1 ph\u00fat\" \/>\n<script type=\"application\/ld+json\" class=\"yoast-schema-graph\">{\"@context\":\"https:\\\/\\\/schema.org\",\"@graph\":[{\"@type\":\"WebPage\",\"@id\":\"https:\\\/\\\/thaisonjsc.com.vn\\\/?page_id=12\",\"url\":\"https:\\\/\\\/thaisonjsc.com.vn\\\/?page_id=12\",\"name\":\"Li\u00ean h\u1ec7 - Thai Son JSC\",\"isPartOf\":{\"@id\":\"https:\\\/\\\/thaisonjsc.com.vn\\\/#website\"},\"primaryImageOfPage\":{\"@id\":\"https:\\\/\\\/thaisonjsc.com.vn\\\/?page_id=12#primaryimage\"},\"image\":{\"@id\":\"https:\\\/\\\/thaisonjsc.com.vn\\\/?page_id=12#primaryimage\"},\"thumbnailUrl\":\"https:\\\/\\\/thaisonjsc.com.vn\\\/wp-content\\\/uploads\\\/2024\\\/09\\\/StockSnap_6O7JXC5DC5.jpg\",\"datePublished\":\"2024-09-02T04:38:09+00:00\",\"dateModified\":\"2024-09-04T14:48:10+00:00\",\"description\":\"Chuy\u00ean ph\u00e2n ph\u1ed1i tu\u00fdp th\u1ee7y tinh, \u1ed1ng th\u1ee7y tinh, chai l\u1ecd th\u1ee7y tinh, l\u1ecd th\u1ee7y tinh 5ml, n\u1eafp nh\u00f4m, n\u00fat cao su. Nh\u1eadn s\u1ea3n xu\u1ea5t v\u00e0 in \u1ea5n theo y\u00eau c\u1ea7u\",\"breadcrumb\":{\"@id\":\"https:\\\/\\\/thaisonjsc.com.vn\\\/?page_id=12#breadcrumb\"},\"inLanguage\":\"vi\",\"potentialAction\":[{\"@type\":\"ReadAction\",\"target\":[\"https:\\\/\\\/thaisonjsc.com.vn\\\/?page_id=12\"]}]},{\"@type\":\"ImageObject\",\"inLanguage\":\"vi\",\"@id\":\"https:\\\/\\\/thaisonjsc.com.vn\\\/?page_id=12#primaryimage\",\"url\":\"https:\\\/\\\/thaisonjsc.com.vn\\\/wp-content\\\/uploads\\\/2024\\\/09\\\/StockSnap_6O7JXC5DC5.jpg\",\"contentUrl\":\"https:\\\/\\\/thaisonjsc.com.vn\\\/wp-content\\\/uploads\\\/2024\\\/09\\\/StockSnap_6O7JXC5DC5.jpg\",\"width\":2200,\"height\":1468},{\"@type\":\"BreadcrumbList\",\"@id\":\"https:\\\/\\\/thaisonjsc.com.vn\\\/?page_id=12#breadcrumb\",\"itemListElement\":[{\"@type\":\"ListItem\",\"position\":1,\"name\":\"Trang ch\u1ee7\",\"item\":\"https:\\\/\\\/thaisonjsc.com.vn\\\/\"},{\"@type\":\"ListItem\",\"position\":2,\"name\":\"Li\u00ean h\u1ec7\"}]},{\"@type\":\"WebSite\",\"@id\":\"https:\\\/\\\/thaisonjsc.com.vn\\\/#website\",\"url\":\"https:\\\/\\\/thaisonjsc.com.vn\\\/\",\"name\":\"Thai Son JSC\",\"description\":\"Chai l\u1ecd tu\u00fdp th\u1ee7y tinh\",\"publisher\":{\"@id\":\"https:\\\/\\\/thaisonjsc.com.vn\\\/#organization\"},\"alternateName\":\"Thuy Tinh Thai Son\",\"potentialAction\":[{\"@type\":\"SearchAction\",\"target\":{\"@type\":\"EntryPoint\",\"urlTemplate\":\"https:\\\/\\\/thaisonjsc.com.vn\\\/?s={search_term_string}\"},\"query-input\":{\"@type\":\"PropertyValueSpecification\",\"valueRequired\":true,\"valueName\":\"search_term_string\"}}],\"inLanguage\":\"vi\"},{\"@type\":\"Organization\",\"@id\":\"https:\\\/\\\/thaisonjsc.com.vn\\\/#organization\",\"name\":\"Thai Son JSC\",\"alternateName\":\"Thuy Tinh Thai Son\",\"url\":\"https:\\\/\\\/thaisonjsc.com.vn\\\/\",\"logo\":{\"@type\":\"ImageObject\",\"inLanguage\":\"vi\",\"@id\":\"https:\\\/\\\/thaisonjsc.com.vn\\\/#\\\/schema\\\/logo\\\/image\\\/\",\"url\":\"https:\\\/\\\/thaisonjsc.com.vn\\\/wp-content\\\/uploads\\\/2024\\\/09\\\/cropped-cropped-cropped-MicrosoftTeams-image-2.jpg\",\"contentUrl\":\"https:\\\/\\\/thaisonjsc.com.vn\\\/wp-content\\\/uploads\\\/2024\\\/09\\\/cropped-cropped-cropped-MicrosoftTeams-image-2.jpg\",\"width\":512,\"height\":512,\"caption\":\"Thai Son JSC\"},\"image\":{\"@id\":\"https:\\\/\\\/thaisonjsc.com.vn\\\/#\\\/schema\\\/logo\\\/image\\\/\"}}]}<\/script>\n<!-- \/ Yoast SEO Premium plugin. -->","yoast_head_json":{"title":"Li\u00ean h\u1ec7 - Thai Son JSC","description":"Chuy\u00ean ph\u00e2n ph\u1ed1i tu\u00fdp th\u1ee7y tinh, \u1ed1ng th\u1ee7y tinh, chai l\u1ecd th\u1ee7y tinh, l\u1ecd th\u1ee7y tinh 5ml, n\u1eafp nh\u00f4m, n\u00fat cao su. Nh\u1eadn s\u1ea3n xu\u1ea5t v\u00e0 in \u1ea5n theo y\u00eau c\u1ea7u","robots":{"index":"index","follow":"follow","max-snippet":"max-snippet:-1","max-image-preview":"max-image-preview:large","max-video-preview":"max-video-preview:-1"},"canonical":"https:\/\/thaisonjsc.com.vn\/?page_id=12","og_locale":"vi_VN","og_type":"article","og_title":"Li\u00ean h\u1ec7","og_description":"Chuy\u00ean ph\u00e2n ph\u1ed1i tu\u00fdp th\u1ee7y tinh, \u1ed1ng th\u1ee7y tinh, chai l\u1ecd th\u1ee7y tinh, l\u1ecd th\u1ee7y tinh 5ml, n\u1eafp nh\u00f4m, n\u00fat cao su. Nh\u1eadn s\u1ea3n xu\u1ea5t v\u00e0 in \u1ea5n theo y\u00eau c\u1ea7u","og_url":"https:\/\/thaisonjsc.com.vn\/?page_id=12","og_site_name":"Thai Son JSC","article_modified_time":"2024-09-04T14:48:10+00:00","og_image":[{"width":2200,"height":1468,"url":"https:\/\/thaisonjsc.com.vn\/wp-content\/uploads\/2024\/09\/StockSnap_6O7JXC5DC5.jpg","type":"image\/jpeg"}],"twitter_card":"summary_large_image","twitter_misc":{"\u01af\u1edbc t\u00ednh th\u1eddi gian \u0111\u1ecdc":"1 ph\u00fat"},"schema":{"@context":"https:\/\/schema.org","@graph":[{"@type":"WebPage","@id":"https:\/\/thaisonjsc.com.vn\/?page_id=12","url":"https:\/\/thaisonjsc.com.vn\/?page_id=12","name":"Li\u00ean h\u1ec7 - Thai Son JSC","isPartOf":{"@id":"https:\/\/thaisonjsc.com.vn\/#website"},"primaryImageOfPage":{"@id":"https:\/\/thaisonjsc.com.vn\/?page_id=12#primaryimage"},"image":{"@id":"https:\/\/thaisonjsc.com.vn\/?page_id=12#primaryimage"},"thumbnailUrl":"https:\/\/thaisonjsc.com.vn\/wp-content\/uploads\/2024\/09\/StockSnap_6O7JXC5DC5.jpg","datePublished":"2024-09-02T04:38:09+00:00","dateModified":"2024-09-04T14:48:10+00:00","description":"Chuy\u00ean ph\u00e2n ph\u1ed1i tu\u00fdp th\u1ee7y tinh, \u1ed1ng th\u1ee7y tinh, chai l\u1ecd th\u1ee7y tinh, l\u1ecd th\u1ee7y tinh 5ml, n\u1eafp nh\u00f4m, n\u00fat cao su. Nh\u1eadn s\u1ea3n xu\u1ea5t v\u00e0 in \u1ea5n theo y\u00eau c\u1ea7u","breadcrumb":{"@id":"https:\/\/thaisonjsc.com.vn\/?page_id=12#breadcrumb"},"inLanguage":"vi","potentialAction":[{"@type":"ReadAction","target":["https:\/\/thaisonjsc.com.vn\/?page_id=12"]}]},{"@type":"ImageObject","inLanguage":"vi","@id":"https:\/\/thaisonjsc.com.vn\/?page_id=12#primaryimage","url":"https:\/\/thaisonjsc.com.vn\/wp-content\/uploads\/2024\/09\/StockSnap_6O7JXC5DC5.jpg","contentUrl":"https:\/\/thaisonjsc.com.vn\/wp-content\/uploads\/2024\/09\/StockSnap_6O7JXC5DC5.jpg","width":2200,"height":1468},{"@type":"BreadcrumbList","@id":"https:\/\/thaisonjsc.com.vn\/?page_id=12#breadcrumb","itemListElement":[{"@type":"ListItem","position":1,"name":"Trang ch\u1ee7","item":"https:\/\/thaisonjsc.com.vn\/"},{"@type":"ListItem","position":2,"name":"Li\u00ean h\u1ec7"}]},{"@type":"WebSite","@id":"https:\/\/thaisonjsc.com.vn\/#website","url":"https:\/\/thaisonjsc.com.vn\/","name":"Thai Son JSC","description":"Chai l\u1ecd tu\u00fdp th\u1ee7y tinh","publisher":{"@id":"https:\/\/thaisonjsc.com.vn\/#organization"},"alternateName":"Thuy Tinh Thai Son","potentialAction":[{"@type":"SearchAction","target":{"@type":"EntryPoint","urlTemplate":"https:\/\/thaisonjsc.com.vn\/?s={search_term_string}"},"query-input":{"@type":"PropertyValueSpecification","valueRequired":true,"valueName":"search_term_string"}}],"inLanguage":"vi"},{"@type":"Organization","@id":"https:\/\/thaisonjsc.com.vn\/#organization","name":"Thai Son JSC","alternateName":"Thuy Tinh Thai Son","url":"https:\/\/thaisonjsc.com.vn\/","logo":{"@type":"ImageObject","inLanguage":"vi","@id":"https:\/\/thaisonjsc.com.vn\/#\/schema\/logo\/image\/","url":"https:\/\/thaisonjsc.com.vn\/wp-content\/uploads\/2024\/09\/cropped-cropped-cropped-MicrosoftTeams-image-2.jpg","contentUrl":"https:\/\/thaisonjsc.com.vn\/wp-content\/uploads\/2024\/09\/cropped-cropped-cropped-MicrosoftTeams-image-2.jpg","width":512,"height":512,"caption":"Thai Son JSC"},"image":{"@id":"https:\/\/thaisonjsc.com.vn\/#\/schema\/logo\/image\/"}}]}},"jetpack_sharing_enabled":true,"_links":{"self":[{"href":"https:\/\/thaisonjsc.com.vn\/index.php?rest_route=\/wp\/v2\/pages\/12","targetHints":{"allow":["GET"]}}],"collection":[{"href":"https:\/\/thaisonjsc.com.vn\/index.php?rest_route=\/wp\/v2\/pages"}],"about":[{"href":"https:\/\/thaisonjsc.com.vn\/index.php?rest_route=\/wp\/v2\/types\/page"}],"author":[{"embeddable":true,"href":"https:\/\/thaisonjsc.com.vn\/index.php?rest_route=\/wp\/v2\/users\/2"}],"replies":[{"embeddable":true,"href":"https:\/\/thaisonjsc.com.vn\/index.php?rest_route=%2Fwp%2Fv2%2Fcomments&post=12"}],"version-history":[{"count":8,"href":"https:\/\/thaisonjsc.com.vn\/index.php?rest_route=\/wp\/v2\/pages\/12\/revisions"}],"predecessor-version":[{"id":204,"href":"https:\/\/thaisonjsc.com.vn\/index.php?rest_route=\/wp\/v2\/pages\/12\/revisions\/204"}],"wp:featuredmedia":[{"embeddable":true,"href":"https:\/\/thaisonjsc.com.vn\/index.php?rest_route=\/wp\/v2\/media\/9"}],"wp:attachment":[{"href":"https:\/\/thaisonjsc.com.vn\/index.php?rest_route=%2Fwp%2Fv2%2Fmedia&parent=12"}],"curies":[{"name":"wp","href":"https:\/\/api.w.org\/{rel}","templated":true}]}}