{"id":327,"date":"2025-12-05T11:58:29","date_gmt":"2025-12-05T04:58:29","guid":{"rendered":"https:\/\/thaisonjsc.com.vn\/?post_type=product&#038;p=327"},"modified":"2025-12-05T11:58:30","modified_gmt":"2025-12-05T04:58:30","slug":"nut-cao-su","status":"publish","type":"product","link":"https:\/\/thaisonjsc.com.vn\/?product=nut-cao-su","title":{"rendered":"N\u00fat Cao Su"},"content":{"rendered":"<h2 class=\"wp-block-heading has-text-align-center\">N\u00fat Cao Su<\/h2>\n<p class=\"has-text-align-center\">Chuy\u00ean ph\u00e2n ph\u1ed1i c\u00e1c lo\u1ea1i n\u00fat cao su, n\u1eafp nh\u00f4m \u0111\u1ea7y \u0111\u1ee7 k\u00edch c\u1ee1 \u0111\u1ea1t ti\u00eau chu\u1ea9n qu\u1ed1c t\u1ebf.<\/p>\n<p><strong>M\u1eabu:<\/strong>\u00a0mi\u1ec5n ph\u00ed, kh\u00e1ch h\u00e0ng thanh to\u00e1n c\u01b0\u1edbc v\u1eadn chuy\u1ec3n. Th\u00f4ng tin chi ti\u1ebft xin li\u00ean h\u1ec7 s\u1ed1 0968.475.986 \u0111\u1ec3 nh\u1eadn \u0111\u01b0\u1ee3c t\u01b0 v\u1ea5n.<\/p>\n<p><strong>V\u1eadn chuy\u1ec3n:<\/strong><\/p>\n<ul>\n<li>N\u1ed9i th\u00e0nh H\u00e0 N\u1ed9i: giao h\u00e0ng trong 1 ng\u00e0y. Mi\u1ec5n ph\u00ed v\u1eadn chuy\u1ec3n trong n\u1ed9i th\u00e0nh H\u00e0 N\u1ed9i \u0111\u1ed1i v\u1edbi nh\u1eefng \u0111\u01a1n h\u00e0ng l\u1edbn.<\/li>\n<li>C\u00e1c t\u1ec9nh th\u00e0nh kh\u00e1c tr\u00ean to\u00e0n qu\u1ed1c:\n<ul>\n<li>B\u1eb1ng \u0111\u01b0\u1eddng th\u1ee7y &#8211; trong 4-5 ng\u00e0y &#8211; v\u1edbi c\u00e1c \u0111\u01a1n h\u00e0ng l\u1edbn.<\/li>\n<li>B\u1eb1ng xe kh\u00e1ch &#8211; trong 1-3 ng\u00e0y.<\/li>\n<\/ul>\n<\/li>\n<\/ul>\n<p><strong>Cam k\u1ebft:<\/strong><\/p>\n<ul>\n<li>Ch\u1ea5t l\u01b0\u1ee3ng t\u1ed1t nh\u1ea5t v\u1edbi gi\u00e1 c\u1ea3 \u01b0u \u0111\u00e3i nh\u1ea5t<\/li>\n<li>Giao h\u00e0ng nhanh \u0111\u1ebfn t\u1eadn kho trong n\u1ed9i th\u00e0nh H\u00e0 N\u1ed9i<\/li>\n<li>Giao h\u00e0ng to\u00e0n qu\u1ed1c.<\/li>\n<li>Ph\u1ee5c v\u1ee5 24\/7.<\/li>\n<\/ul>\n","protected":false},"excerpt":{"rendered":"<p>N\u00fat Cao Su Chuy\u00ean ph\u00e2n ph\u1ed1i c\u00e1c lo\u1ea1i n\u00fat cao su, n\u1eafp nh\u00f4m \u0111\u1ea7y \u0111\u1ee7 k\u00edch c\u1ee1 \u0111\u1ea1t ti\u00eau chu\u1ea9n qu\u1ed1c t\u1ebf. M\u1eabu:\u00a0mi\u1ec5n ph\u00ed, kh\u00e1ch h\u00e0ng thanh to\u00e1n c\u01b0\u1edbc v\u1eadn chuy\u1ec3n. Th\u00f4ng tin chi ti\u1ebft xin li\u00ean h\u1ec7 s\u1ed1 0968.475.986 \u0111\u1ec3 nh\u1eadn \u0111\u01b0\u1ee3c t\u01b0 v\u1ea5n. V\u1eadn chuy\u1ec3n: N\u1ed9i th\u00e0nh H\u00e0 N\u1ed9i: giao h\u00e0ng trong 1 &hellip; <\/p>\n<p class=\"link-more\"><a href=\"https:\/\/thaisonjsc.com.vn\/?product=nut-cao-su\" class=\"more-link\">Read more<span class=\"screen-reader-text\"> &#8220;N\u00fat Cao Su&#8221;<\/span><\/a><\/p>\n","protected":false},"featured_media":80,"comment_status":"open","ping_status":"closed","template":"","meta":[],"product_brand":[],"product_cat":[28],"product_tag":[],"class_list":{"0":"post-327","1":"product","2":"type-product","3":"status-publish","4":"has-post-thumbnail","6":"product_cat-nut-cao-su","8":"first","9":"instock","10":"shipping-taxable","11":"product-type-simple"},"yoast_head":"<!-- This site is optimized with the Yoast SEO Premium plugin v26.2 (Yoast SEO v27.4) - https:\/\/yoast.com\/product\/yoast-seo-premium-wordpress\/ -->\n<title>N\u00fat Cao Su - Thai Son JSC<\/title>\n<meta name=\"description\" content=\"Cung c\u1ea5p c\u00e1c lo\u1ea1i chai l\u1ecd th\u1ee7y tinh, chai siro, chai thu\u1ed1c, n\u1eafp n\u00fat nh\u00f4m, cao su. Bao b\u00ec d\u01b0\u1ee3c. Li\u00ean h\u1ec7 ngay 0968.475.986 \u0111\u1ec3 \u0111\u1eb7t h\u00e0ng.\" \/>\n<meta name=\"robots\" content=\"index, follow, max-snippet:-1, max-image-preview:large, max-video-preview:-1\" \/>\n<link rel=\"canonical\" href=\"https:\/\/thaisonjsc.com.vn\/?product=nut-cao-su\" \/>\n<meta property=\"og:locale\" content=\"vi_VN\" \/>\n<meta property=\"og:type\" content=\"article\" \/>\n<meta property=\"og:title\" content=\"N\u00fat Cao Su\" \/>\n<meta property=\"og:description\" content=\"Cung c\u1ea5p c\u00e1c lo\u1ea1i chai l\u1ecd th\u1ee7y tinh, chai siro, chai thu\u1ed1c, n\u1eafp n\u00fat nh\u00f4m, cao su. Bao b\u00ec d\u01b0\u1ee3c. Li\u00ean h\u1ec7 ngay 0968.475.986 \u0111\u1ec3 \u0111\u1eb7t h\u00e0ng.\" \/>\n<meta property=\"og:url\" content=\"https:\/\/thaisonjsc.com.vn\/?product=nut-cao-su\" \/>\n<meta property=\"og:site_name\" content=\"Thai Son JSC\" \/>\n<meta property=\"article:modified_time\" content=\"2025-12-05T04:58:30+00:00\" \/>\n<meta property=\"og:image\" content=\"https:\/\/thaisonjsc.com.vn\/wp-content\/uploads\/2024\/09\/nut-cao-su.png\" \/>\n\t<meta property=\"og:image:width\" content=\"973\" \/>\n\t<meta property=\"og:image:height\" content=\"403\" \/>\n\t<meta property=\"og:image:type\" content=\"image\/png\" \/>\n<meta name=\"twitter:card\" content=\"summary_large_image\" \/>\n<meta name=\"twitter:label1\" content=\"\u01af\u1edbc t\u00ednh th\u1eddi gian \u0111\u1ecdc\" \/>\n\t<meta name=\"twitter:data1\" content=\"1 ph\u00fat\" \/>\n<script type=\"application\/ld+json\" class=\"yoast-schema-graph\">{\"@context\":\"https:\\\/\\\/schema.org\",\"@graph\":[{\"@type\":\"WebPage\",\"@id\":\"https:\\\/\\\/thaisonjsc.com.vn\\\/?product=nut-cao-su\",\"url\":\"https:\\\/\\\/thaisonjsc.com.vn\\\/?product=nut-cao-su\",\"name\":\"N\u00fat Cao Su - Thai Son JSC\",\"isPartOf\":{\"@id\":\"https:\\\/\\\/thaisonjsc.com.vn\\\/#website\"},\"primaryImageOfPage\":{\"@id\":\"https:\\\/\\\/thaisonjsc.com.vn\\\/?product=nut-cao-su#primaryimage\"},\"image\":{\"@id\":\"https:\\\/\\\/thaisonjsc.com.vn\\\/?product=nut-cao-su#primaryimage\"},\"thumbnailUrl\":\"https:\\\/\\\/thaisonjsc.com.vn\\\/wp-content\\\/uploads\\\/2024\\\/09\\\/nut-cao-su.png\",\"datePublished\":\"2025-12-05T04:58:29+00:00\",\"dateModified\":\"2025-12-05T04:58:30+00:00\",\"description\":\"Cung c\u1ea5p c\u00e1c lo\u1ea1i chai l\u1ecd th\u1ee7y tinh, chai siro, chai thu\u1ed1c, n\u1eafp n\u00fat nh\u00f4m, cao su. Bao b\u00ec d\u01b0\u1ee3c. Li\u00ean h\u1ec7 ngay 0968.475.986 \u0111\u1ec3 \u0111\u1eb7t h\u00e0ng.\",\"breadcrumb\":{\"@id\":\"https:\\\/\\\/thaisonjsc.com.vn\\\/?product=nut-cao-su#breadcrumb\"},\"inLanguage\":\"vi\",\"potentialAction\":[{\"@type\":\"ReadAction\",\"target\":[\"https:\\\/\\\/thaisonjsc.com.vn\\\/?product=nut-cao-su\"]}]},{\"@type\":\"ImageObject\",\"inLanguage\":\"vi\",\"@id\":\"https:\\\/\\\/thaisonjsc.com.vn\\\/?product=nut-cao-su#primaryimage\",\"url\":\"https:\\\/\\\/thaisonjsc.com.vn\\\/wp-content\\\/uploads\\\/2024\\\/09\\\/nut-cao-su.png\",\"contentUrl\":\"https:\\\/\\\/thaisonjsc.com.vn\\\/wp-content\\\/uploads\\\/2024\\\/09\\\/nut-cao-su.png\",\"width\":973,\"height\":403},{\"@type\":\"BreadcrumbList\",\"@id\":\"https:\\\/\\\/thaisonjsc.com.vn\\\/?product=nut-cao-su#breadcrumb\",\"itemListElement\":[{\"@type\":\"ListItem\",\"position\":1,\"name\":\"Trang ch\u1ee7\",\"item\":\"https:\\\/\\\/thaisonjsc.com.vn\\\/\"},{\"@type\":\"ListItem\",\"position\":2,\"name\":\"C\u1eeda h\u00e0ng\",\"item\":\"https:\\\/\\\/thaisonjsc.com.vn\\\/?page_id=261\"},{\"@type\":\"ListItem\",\"position\":3,\"name\":\"N\u00fat Cao Su\"}]},{\"@type\":\"WebSite\",\"@id\":\"https:\\\/\\\/thaisonjsc.com.vn\\\/#website\",\"url\":\"https:\\\/\\\/thaisonjsc.com.vn\\\/\",\"name\":\"Thai Son JSC\",\"description\":\"Chai l\u1ecd tu\u00fdp th\u1ee7y tinh\",\"publisher\":{\"@id\":\"https:\\\/\\\/thaisonjsc.com.vn\\\/#organization\"},\"alternateName\":\"Thuy Tinh Thai Son\",\"potentialAction\":[{\"@type\":\"SearchAction\",\"target\":{\"@type\":\"EntryPoint\",\"urlTemplate\":\"https:\\\/\\\/thaisonjsc.com.vn\\\/?s={search_term_string}\"},\"query-input\":{\"@type\":\"PropertyValueSpecification\",\"valueRequired\":true,\"valueName\":\"search_term_string\"}}],\"inLanguage\":\"vi\"},{\"@type\":\"Organization\",\"@id\":\"https:\\\/\\\/thaisonjsc.com.vn\\\/#organization\",\"name\":\"Thai Son JSC\",\"alternateName\":\"Thuy Tinh Thai Son\",\"url\":\"https:\\\/\\\/thaisonjsc.com.vn\\\/\",\"logo\":{\"@type\":\"ImageObject\",\"inLanguage\":\"vi\",\"@id\":\"https:\\\/\\\/thaisonjsc.com.vn\\\/#\\\/schema\\\/logo\\\/image\\\/\",\"url\":\"https:\\\/\\\/thaisonjsc.com.vn\\\/wp-content\\\/uploads\\\/2024\\\/09\\\/cropped-cropped-cropped-MicrosoftTeams-image-2.jpg\",\"contentUrl\":\"https:\\\/\\\/thaisonjsc.com.vn\\\/wp-content\\\/uploads\\\/2024\\\/09\\\/cropped-cropped-cropped-MicrosoftTeams-image-2.jpg\",\"width\":512,\"height\":512,\"caption\":\"Thai Son JSC\"},\"image\":{\"@id\":\"https:\\\/\\\/thaisonjsc.com.vn\\\/#\\\/schema\\\/logo\\\/image\\\/\"}}]}<\/script>\n<!-- \/ Yoast SEO Premium plugin. -->","yoast_head_json":{"title":"N\u00fat Cao Su - Thai Son JSC","description":"Cung c\u1ea5p c\u00e1c lo\u1ea1i chai l\u1ecd th\u1ee7y tinh, chai siro, chai thu\u1ed1c, n\u1eafp n\u00fat nh\u00f4m, cao su. Bao b\u00ec d\u01b0\u1ee3c. Li\u00ean h\u1ec7 ngay 0968.475.986 \u0111\u1ec3 \u0111\u1eb7t h\u00e0ng.","robots":{"index":"index","follow":"follow","max-snippet":"max-snippet:-1","max-image-preview":"max-image-preview:large","max-video-preview":"max-video-preview:-1"},"canonical":"https:\/\/thaisonjsc.com.vn\/?product=nut-cao-su","og_locale":"vi_VN","og_type":"article","og_title":"N\u00fat Cao Su","og_description":"Cung c\u1ea5p c\u00e1c lo\u1ea1i chai l\u1ecd th\u1ee7y tinh, chai siro, chai thu\u1ed1c, n\u1eafp n\u00fat nh\u00f4m, cao su. Bao b\u00ec d\u01b0\u1ee3c. Li\u00ean h\u1ec7 ngay 0968.475.986 \u0111\u1ec3 \u0111\u1eb7t h\u00e0ng.","og_url":"https:\/\/thaisonjsc.com.vn\/?product=nut-cao-su","og_site_name":"Thai Son JSC","article_modified_time":"2025-12-05T04:58:30+00:00","og_image":[{"width":973,"height":403,"url":"https:\/\/thaisonjsc.com.vn\/wp-content\/uploads\/2024\/09\/nut-cao-su.png","type":"image\/png"}],"twitter_card":"summary_large_image","twitter_misc":{"\u01af\u1edbc t\u00ednh th\u1eddi gian \u0111\u1ecdc":"1 ph\u00fat"},"schema":{"@context":"https:\/\/schema.org","@graph":[{"@type":"WebPage","@id":"https:\/\/thaisonjsc.com.vn\/?product=nut-cao-su","url":"https:\/\/thaisonjsc.com.vn\/?product=nut-cao-su","name":"N\u00fat Cao Su - Thai Son JSC","isPartOf":{"@id":"https:\/\/thaisonjsc.com.vn\/#website"},"primaryImageOfPage":{"@id":"https:\/\/thaisonjsc.com.vn\/?product=nut-cao-su#primaryimage"},"image":{"@id":"https:\/\/thaisonjsc.com.vn\/?product=nut-cao-su#primaryimage"},"thumbnailUrl":"https:\/\/thaisonjsc.com.vn\/wp-content\/uploads\/2024\/09\/nut-cao-su.png","datePublished":"2025-12-05T04:58:29+00:00","dateModified":"2025-12-05T04:58:30+00:00","description":"Cung c\u1ea5p c\u00e1c lo\u1ea1i chai l\u1ecd th\u1ee7y tinh, chai siro, chai thu\u1ed1c, n\u1eafp n\u00fat nh\u00f4m, cao su. Bao b\u00ec d\u01b0\u1ee3c. Li\u00ean h\u1ec7 ngay 0968.475.986 \u0111\u1ec3 \u0111\u1eb7t h\u00e0ng.","breadcrumb":{"@id":"https:\/\/thaisonjsc.com.vn\/?product=nut-cao-su#breadcrumb"},"inLanguage":"vi","potentialAction":[{"@type":"ReadAction","target":["https:\/\/thaisonjsc.com.vn\/?product=nut-cao-su"]}]},{"@type":"ImageObject","inLanguage":"vi","@id":"https:\/\/thaisonjsc.com.vn\/?product=nut-cao-su#primaryimage","url":"https:\/\/thaisonjsc.com.vn\/wp-content\/uploads\/2024\/09\/nut-cao-su.png","contentUrl":"https:\/\/thaisonjsc.com.vn\/wp-content\/uploads\/2024\/09\/nut-cao-su.png","width":973,"height":403},{"@type":"BreadcrumbList","@id":"https:\/\/thaisonjsc.com.vn\/?product=nut-cao-su#breadcrumb","itemListElement":[{"@type":"ListItem","position":1,"name":"Trang ch\u1ee7","item":"https:\/\/thaisonjsc.com.vn\/"},{"@type":"ListItem","position":2,"name":"C\u1eeda h\u00e0ng","item":"https:\/\/thaisonjsc.com.vn\/?page_id=261"},{"@type":"ListItem","position":3,"name":"N\u00fat Cao Su"}]},{"@type":"WebSite","@id":"https:\/\/thaisonjsc.com.vn\/#website","url":"https:\/\/thaisonjsc.com.vn\/","name":"Thai Son JSC","description":"Chai l\u1ecd tu\u00fdp th\u1ee7y tinh","publisher":{"@id":"https:\/\/thaisonjsc.com.vn\/#organization"},"alternateName":"Thuy Tinh Thai Son","potentialAction":[{"@type":"SearchAction","target":{"@type":"EntryPoint","urlTemplate":"https:\/\/thaisonjsc.com.vn\/?s={search_term_string}"},"query-input":{"@type":"PropertyValueSpecification","valueRequired":true,"valueName":"search_term_string"}}],"inLanguage":"vi"},{"@type":"Organization","@id":"https:\/\/thaisonjsc.com.vn\/#organization","name":"Thai Son JSC","alternateName":"Thuy Tinh Thai Son","url":"https:\/\/thaisonjsc.com.vn\/","logo":{"@type":"ImageObject","inLanguage":"vi","@id":"https:\/\/thaisonjsc.com.vn\/#\/schema\/logo\/image\/","url":"https:\/\/thaisonjsc.com.vn\/wp-content\/uploads\/2024\/09\/cropped-cropped-cropped-MicrosoftTeams-image-2.jpg","contentUrl":"https:\/\/thaisonjsc.com.vn\/wp-content\/uploads\/2024\/09\/cropped-cropped-cropped-MicrosoftTeams-image-2.jpg","width":512,"height":512,"caption":"Thai Son JSC"},"image":{"@id":"https:\/\/thaisonjsc.com.vn\/#\/schema\/logo\/image\/"}}]}},"jetpack_sharing_enabled":true,"_links":{"self":[{"href":"https:\/\/thaisonjsc.com.vn\/index.php?rest_route=\/wp\/v2\/product\/327","targetHints":{"allow":["GET"]}}],"collection":[{"href":"https:\/\/thaisonjsc.com.vn\/index.php?rest_route=\/wp\/v2\/product"}],"about":[{"href":"https:\/\/thaisonjsc.com.vn\/index.php?rest_route=\/wp\/v2\/types\/product"}],"replies":[{"embeddable":true,"href":"https:\/\/thaisonjsc.com.vn\/index.php?rest_route=%2Fwp%2Fv2%2Fcomments&post=327"}],"wp:featuredmedia":[{"embeddable":true,"href":"https:\/\/thaisonjsc.com.vn\/index.php?rest_route=\/wp\/v2\/media\/80"}],"wp:attachment":[{"href":"https:\/\/thaisonjsc.com.vn\/index.php?rest_route=%2Fwp%2Fv2%2Fmedia&parent=327"}],"wp:term":[{"taxonomy":"product_brand","embeddable":true,"href":"https:\/\/thaisonjsc.com.vn\/index.php?rest_route=%2Fwp%2Fv2%2Fproduct_brand&post=327"},{"taxonomy":"product_cat","embeddable":true,"href":"https:\/\/thaisonjsc.com.vn\/index.php?rest_route=%2Fwp%2Fv2%2Fproduct_cat&post=327"},{"taxonomy":"product_tag","embeddable":true,"href":"https:\/\/thaisonjsc.com.vn\/index.php?rest_route=%2Fwp%2Fv2%2Fproduct_tag&post=327"}],"curies":[{"name":"wp","href":"https:\/\/api.w.org\/{rel}","templated":true}]}}