{"id":331,"date":"2025-12-05T13:15:49","date_gmt":"2025-12-05T06:15:49","guid":{"rendered":"https:\/\/thaisonjsc.com.vn\/?post_type=product&#038;p=331"},"modified":"2025-12-05T13:15:50","modified_gmt":"2025-12-05T06:15:50","slug":"tuyp-thuy-tinh","status":"publish","type":"product","link":"https:\/\/thaisonjsc.com.vn\/?product=tuyp-thuy-tinh","title":{"rendered":"Tu\u00fdp Th\u1ee7y Tinh"},"content":{"rendered":"<h2 class=\"wp-block-heading has-text-align-center\">Tu\u00fdp Th\u1ee7y Tinh<\/h2>\n<p class=\"has-text-align-center\">Ti\u00eau chu\u1ea9n: ISO and YBB<\/p>\n<p><strong>M\u1eabu:<\/strong>\u00a0mi\u1ec5n ph\u00ed, kh\u00e1ch h\u00e0ng thanh to\u00e1n c\u01b0\u1edbc v\u1eadn chuy\u1ec3n. Th\u00f4ng tin chi ti\u1ebft xin li\u00ean h\u1ec7 s\u1ed1 0968.475.986 \u0111\u1ec3 nh\u1eadn \u0111\u01b0\u1ee3c t\u01b0 v\u1ea5n.<\/p>\n<p>H\u00e0ng n\u0103m, c\u00f4ng ty Th\u00e1i S\u01a1n nh\u1eadp kh\u1ea9u v\u00e0 ph\u00e2n ph\u1ed1i kh\u1ed1i l\u01b0\u1ee3ng kho\u1ea3ng 500 t\u1ea5n tu\u00fdp thu\u1ef7 tinh c\u00e1c lo\u1ea1i, s\u1eed d\u1ee5ng cho ng\u00e0nh l\u00e0m l\u1ecd thu\u1ef7 tinh \u0111\u1ef1ng d\u01b0\u1ee3c ph\u1ea9m, d\u1ee5ng c\u1ee5 x\u00e9t nghi\u1ec7m, nghi\u00ean c\u1ee9u \u2026vv<\/p>\n<p>C\u00e1c lo\u1ea1i \u1ed1ng thu\u1ef7 tinh, l\u1ecd thu\u1ef7 tinh ch\u1ea5t l\u01b0\u1ee3ng cao, thu\u1ef7 tinh si\u00eau b\u1ec1n, ch\u1ecbu \u0103n m\u00f2n ho\u00e1 h\u1ecdc, nh\u1eadn l\u00e0m thu\u1ef7 tinh theo \u00fd mu\u1ed1n.<\/p>\n<p><strong>Lo\u1ea1i tu\u00fdp:<\/strong><\/p>\n<ul>\n<li><strong>Tu\u00fdp th\u1ee7y tinh trung t\u00ednh ( tr\u1eafng\/ n\u00e2u)<\/strong><\/li>\n<li><strong>Tu\u00fdp th\u1ee7y tinh Boro 3.3<\/strong><\/li>\n<li>C\u00e1c lo\u1ea1i size v\u00e0 \u0111\u1ed9 d\u00e0y, \u00d85 \u00d86 \u00d87 \u00d88 \u00d89 \u00d810 \u00d811 \u00d812 \u00d814 \u00d816 \u00d818 \u00d820 \u00d822 \u00d824<\/li>\n<\/ul>\n<p><strong>V\u1eadn chuy\u1ec3n:<\/strong><\/p>\n<ul>\n<li>N\u1ed9i th\u00e0nh H\u00e0 N\u1ed9i: giao h\u00e0ng trong 1 ng\u00e0y. Mi\u1ec5n ph\u00ed v\u1eadn chuy\u1ec3n trong n\u1ed9i th\u00e0nh H\u00e0 N\u1ed9i \u0111\u1ed1i v\u1edbi nh\u1eefng \u0111\u01a1n h\u00e0ng l\u1edbn.<\/li>\n<li>C\u00e1c t\u1ec9nh th\u00e0nh kh\u00e1c tr\u00ean to\u00e0n qu\u1ed1c:\n<ul>\n<li>B\u1eb1ng \u0111\u01b0\u1eddng th\u1ee7y &#8211; trong 4-5 ng\u00e0y &#8211; v\u1edbi c\u00e1c \u0111\u01a1n h\u00e0ng l\u1edbn.<\/li>\n<li>B\u1eb1ng xe kh\u00e1ch &#8211; trong 1-3 ng\u00e0y.<\/li>\n<\/ul>\n<\/li>\n<\/ul>\n<p><strong>Cam k\u1ebft:<\/strong><\/p>\n<ul>\n<li>Ch\u1ea5t l\u01b0\u1ee3ng t\u1ed1t nh\u1ea5t v\u1edbi gi\u00e1 c\u1ea3 \u01b0u \u0111\u00e3i nh\u1ea5t<\/li>\n<li>Giao h\u00e0ng nhanh \u0111\u1ebfn t\u1eadn kho trong n\u1ed9i th\u00e0nh H\u00e0 N\u1ed9i<\/li>\n<li>Giao h\u00e0ng to\u00e0n qu\u1ed1c.<\/li>\n<li>Ph\u1ee5c v\u1ee5 24\/7.<\/li>\n<\/ul>\n","protected":false},"excerpt":{"rendered":"<p>Tu\u00fdp Th\u1ee7y Tinh Ti\u00eau chu\u1ea9n: ISO and YBB M\u1eabu:\u00a0mi\u1ec5n ph\u00ed, kh\u00e1ch h\u00e0ng thanh to\u00e1n c\u01b0\u1edbc v\u1eadn chuy\u1ec3n. Th\u00f4ng tin chi ti\u1ebft xin li\u00ean h\u1ec7 s\u1ed1 0968.475.986 \u0111\u1ec3 nh\u1eadn \u0111\u01b0\u1ee3c t\u01b0 v\u1ea5n. H\u00e0ng n\u0103m, c\u00f4ng ty Th\u00e1i S\u01a1n nh\u1eadp kh\u1ea9u v\u00e0 ph\u00e2n ph\u1ed1i kh\u1ed1i l\u01b0\u1ee3ng kho\u1ea3ng 500 t\u1ea5n tu\u00fdp thu\u1ef7 tinh c\u00e1c lo\u1ea1i, s\u1eed d\u1ee5ng cho &hellip; <\/p>\n<p class=\"link-more\"><a href=\"https:\/\/thaisonjsc.com.vn\/?product=tuyp-thuy-tinh\" class=\"more-link\">Read more<span class=\"screen-reader-text\"> &#8220;Tu\u00fdp Th\u1ee7y Tinh&#8221;<\/span><\/a><\/p>\n","protected":false},"featured_media":94,"comment_status":"open","ping_status":"closed","template":"","meta":[],"product_brand":[],"product_cat":[34],"product_tag":[35],"class_list":{"0":"post-331","1":"product","2":"type-product","3":"status-publish","4":"has-post-thumbnail","6":"product_cat-tuyp-thuy-tinh","7":"product_tag-tuyp-thuy-tinh","9":"first","10":"instock","11":"shipping-taxable","12":"product-type-simple"},"yoast_head":"<!-- This site is optimized with the Yoast SEO Premium plugin v26.2 (Yoast SEO v27.4) - https:\/\/yoast.com\/product\/yoast-seo-premium-wordpress\/ -->\n<title>Tu\u00fdp Th\u1ee7y Tinh - Thai Son JSC<\/title>\n<meta name=\"description\" content=\"C\u00e1c lo\u1ea1i \u1ed1ng thu\u1ef7 tinh, l\u1ecd thu\u1ef7 tinh ch\u1ea5t l\u01b0\u1ee3ng cao, thu\u1ef7 tinh si\u00eau b\u1ec1n, ch\u1ecbu \u0103n m\u00f2n ho\u00e1 h\u1ecdc, nh\u1eadn l\u00e0m thu\u1ef7 tinh theo \u00fd mu\u1ed1n. Li\u00ean h\u1ec7 ngay 0968.475.986 \u0111\u1ec3 \u0111\u1eb7t h\u00e0ng.\" \/>\n<meta name=\"robots\" content=\"index, follow, max-snippet:-1, max-image-preview:large, max-video-preview:-1\" \/>\n<link rel=\"canonical\" href=\"https:\/\/thaisonjsc.com.vn\/?product=tuyp-thuy-tinh\" \/>\n<meta property=\"og:locale\" content=\"vi_VN\" \/>\n<meta property=\"og:type\" content=\"article\" \/>\n<meta property=\"og:title\" content=\"Tu\u00fdp Th\u1ee7y Tinh\" \/>\n<meta property=\"og:description\" content=\"C\u00e1c lo\u1ea1i \u1ed1ng thu\u1ef7 tinh, l\u1ecd thu\u1ef7 tinh ch\u1ea5t l\u01b0\u1ee3ng cao, thu\u1ef7 tinh si\u00eau b\u1ec1n, ch\u1ecbu \u0103n m\u00f2n ho\u00e1 h\u1ecdc, nh\u1eadn l\u00e0m thu\u1ef7 tinh theo \u00fd mu\u1ed1n. Li\u00ean h\u1ec7 ngay 0968.475.986 \u0111\u1ec3 \u0111\u1eb7t h\u00e0ng.\" \/>\n<meta property=\"og:url\" content=\"https:\/\/thaisonjsc.com.vn\/?product=tuyp-thuy-tinh\" \/>\n<meta property=\"og:site_name\" content=\"Thai Son JSC\" \/>\n<meta property=\"article:modified_time\" content=\"2025-12-05T06:15:50+00:00\" \/>\n<meta property=\"og:image\" content=\"https:\/\/thaisonjsc.com.vn\/wp-content\/uploads\/2024\/09\/ong-thuy-tinh-minh-duc-2-1.jpg\" \/>\n\t<meta property=\"og:image:width\" content=\"1860\" \/>\n\t<meta property=\"og:image:height\" content=\"1952\" \/>\n\t<meta property=\"og:image:type\" content=\"image\/jpeg\" \/>\n<meta name=\"twitter:card\" content=\"summary_large_image\" \/>\n<meta name=\"twitter:label1\" content=\"\u01af\u1edbc t\u00ednh th\u1eddi gian \u0111\u1ecdc\" \/>\n\t<meta name=\"twitter:data1\" content=\"2 ph\u00fat\" \/>\n<script type=\"application\/ld+json\" class=\"yoast-schema-graph\">{\"@context\":\"https:\\\/\\\/schema.org\",\"@graph\":[{\"@type\":\"WebPage\",\"@id\":\"https:\\\/\\\/thaisonjsc.com.vn\\\/?product=tuyp-thuy-tinh\",\"url\":\"https:\\\/\\\/thaisonjsc.com.vn\\\/?product=tuyp-thuy-tinh\",\"name\":\"Tu\u00fdp Th\u1ee7y Tinh - Thai Son JSC\",\"isPartOf\":{\"@id\":\"https:\\\/\\\/thaisonjsc.com.vn\\\/#website\"},\"primaryImageOfPage\":{\"@id\":\"https:\\\/\\\/thaisonjsc.com.vn\\\/?product=tuyp-thuy-tinh#primaryimage\"},\"image\":{\"@id\":\"https:\\\/\\\/thaisonjsc.com.vn\\\/?product=tuyp-thuy-tinh#primaryimage\"},\"thumbnailUrl\":\"https:\\\/\\\/thaisonjsc.com.vn\\\/wp-content\\\/uploads\\\/2024\\\/09\\\/ong-thuy-tinh-minh-duc-2-1.jpg\",\"datePublished\":\"2025-12-05T06:15:49+00:00\",\"dateModified\":\"2025-12-05T06:15:50+00:00\",\"description\":\"C\u00e1c lo\u1ea1i \u1ed1ng thu\u1ef7 tinh, l\u1ecd thu\u1ef7 tinh ch\u1ea5t l\u01b0\u1ee3ng cao, thu\u1ef7 tinh si\u00eau b\u1ec1n, ch\u1ecbu \u0103n m\u00f2n ho\u00e1 h\u1ecdc, nh\u1eadn l\u00e0m thu\u1ef7 tinh theo \u00fd mu\u1ed1n. Li\u00ean h\u1ec7 ngay 0968.475.986 \u0111\u1ec3 \u0111\u1eb7t h\u00e0ng.\",\"breadcrumb\":{\"@id\":\"https:\\\/\\\/thaisonjsc.com.vn\\\/?product=tuyp-thuy-tinh#breadcrumb\"},\"inLanguage\":\"vi\",\"potentialAction\":[{\"@type\":\"ReadAction\",\"target\":[\"https:\\\/\\\/thaisonjsc.com.vn\\\/?product=tuyp-thuy-tinh\"]}]},{\"@type\":\"ImageObject\",\"inLanguage\":\"vi\",\"@id\":\"https:\\\/\\\/thaisonjsc.com.vn\\\/?product=tuyp-thuy-tinh#primaryimage\",\"url\":\"https:\\\/\\\/thaisonjsc.com.vn\\\/wp-content\\\/uploads\\\/2024\\\/09\\\/ong-thuy-tinh-minh-duc-2-1.jpg\",\"contentUrl\":\"https:\\\/\\\/thaisonjsc.com.vn\\\/wp-content\\\/uploads\\\/2024\\\/09\\\/ong-thuy-tinh-minh-duc-2-1.jpg\",\"width\":1860,\"height\":1952},{\"@type\":\"BreadcrumbList\",\"@id\":\"https:\\\/\\\/thaisonjsc.com.vn\\\/?product=tuyp-thuy-tinh#breadcrumb\",\"itemListElement\":[{\"@type\":\"ListItem\",\"position\":1,\"name\":\"Trang ch\u1ee7\",\"item\":\"https:\\\/\\\/thaisonjsc.com.vn\\\/\"},{\"@type\":\"ListItem\",\"position\":2,\"name\":\"C\u1eeda h\u00e0ng\",\"item\":\"https:\\\/\\\/thaisonjsc.com.vn\\\/?page_id=261\"},{\"@type\":\"ListItem\",\"position\":3,\"name\":\"Tu\u00fdp Th\u1ee7y Tinh\"}]},{\"@type\":\"WebSite\",\"@id\":\"https:\\\/\\\/thaisonjsc.com.vn\\\/#website\",\"url\":\"https:\\\/\\\/thaisonjsc.com.vn\\\/\",\"name\":\"Thai Son JSC\",\"description\":\"Chai l\u1ecd tu\u00fdp th\u1ee7y tinh\",\"publisher\":{\"@id\":\"https:\\\/\\\/thaisonjsc.com.vn\\\/#organization\"},\"alternateName\":\"Thuy Tinh Thai Son\",\"potentialAction\":[{\"@type\":\"SearchAction\",\"target\":{\"@type\":\"EntryPoint\",\"urlTemplate\":\"https:\\\/\\\/thaisonjsc.com.vn\\\/?s={search_term_string}\"},\"query-input\":{\"@type\":\"PropertyValueSpecification\",\"valueRequired\":true,\"valueName\":\"search_term_string\"}}],\"inLanguage\":\"vi\"},{\"@type\":\"Organization\",\"@id\":\"https:\\\/\\\/thaisonjsc.com.vn\\\/#organization\",\"name\":\"Thai Son JSC\",\"alternateName\":\"Thuy Tinh Thai Son\",\"url\":\"https:\\\/\\\/thaisonjsc.com.vn\\\/\",\"logo\":{\"@type\":\"ImageObject\",\"inLanguage\":\"vi\",\"@id\":\"https:\\\/\\\/thaisonjsc.com.vn\\\/#\\\/schema\\\/logo\\\/image\\\/\",\"url\":\"https:\\\/\\\/thaisonjsc.com.vn\\\/wp-content\\\/uploads\\\/2024\\\/09\\\/cropped-cropped-cropped-MicrosoftTeams-image-2.jpg\",\"contentUrl\":\"https:\\\/\\\/thaisonjsc.com.vn\\\/wp-content\\\/uploads\\\/2024\\\/09\\\/cropped-cropped-cropped-MicrosoftTeams-image-2.jpg\",\"width\":512,\"height\":512,\"caption\":\"Thai Son JSC\"},\"image\":{\"@id\":\"https:\\\/\\\/thaisonjsc.com.vn\\\/#\\\/schema\\\/logo\\\/image\\\/\"}}]}<\/script>\n<!-- \/ Yoast SEO Premium plugin. -->","yoast_head_json":{"title":"Tu\u00fdp Th\u1ee7y Tinh - Thai Son JSC","description":"C\u00e1c lo\u1ea1i \u1ed1ng thu\u1ef7 tinh, l\u1ecd thu\u1ef7 tinh ch\u1ea5t l\u01b0\u1ee3ng cao, thu\u1ef7 tinh si\u00eau b\u1ec1n, ch\u1ecbu \u0103n m\u00f2n ho\u00e1 h\u1ecdc, nh\u1eadn l\u00e0m thu\u1ef7 tinh theo \u00fd mu\u1ed1n. Li\u00ean h\u1ec7 ngay 0968.475.986 \u0111\u1ec3 \u0111\u1eb7t h\u00e0ng.","robots":{"index":"index","follow":"follow","max-snippet":"max-snippet:-1","max-image-preview":"max-image-preview:large","max-video-preview":"max-video-preview:-1"},"canonical":"https:\/\/thaisonjsc.com.vn\/?product=tuyp-thuy-tinh","og_locale":"vi_VN","og_type":"article","og_title":"Tu\u00fdp Th\u1ee7y Tinh","og_description":"C\u00e1c lo\u1ea1i \u1ed1ng thu\u1ef7 tinh, l\u1ecd thu\u1ef7 tinh ch\u1ea5t l\u01b0\u1ee3ng cao, thu\u1ef7 tinh si\u00eau b\u1ec1n, ch\u1ecbu \u0103n m\u00f2n ho\u00e1 h\u1ecdc, nh\u1eadn l\u00e0m thu\u1ef7 tinh theo \u00fd mu\u1ed1n. Li\u00ean h\u1ec7 ngay 0968.475.986 \u0111\u1ec3 \u0111\u1eb7t h\u00e0ng.","og_url":"https:\/\/thaisonjsc.com.vn\/?product=tuyp-thuy-tinh","og_site_name":"Thai Son JSC","article_modified_time":"2025-12-05T06:15:50+00:00","og_image":[{"width":1860,"height":1952,"url":"https:\/\/thaisonjsc.com.vn\/wp-content\/uploads\/2024\/09\/ong-thuy-tinh-minh-duc-2-1.jpg","type":"image\/jpeg"}],"twitter_card":"summary_large_image","twitter_misc":{"\u01af\u1edbc t\u00ednh th\u1eddi gian \u0111\u1ecdc":"2 ph\u00fat"},"schema":{"@context":"https:\/\/schema.org","@graph":[{"@type":"WebPage","@id":"https:\/\/thaisonjsc.com.vn\/?product=tuyp-thuy-tinh","url":"https:\/\/thaisonjsc.com.vn\/?product=tuyp-thuy-tinh","name":"Tu\u00fdp Th\u1ee7y Tinh - Thai Son JSC","isPartOf":{"@id":"https:\/\/thaisonjsc.com.vn\/#website"},"primaryImageOfPage":{"@id":"https:\/\/thaisonjsc.com.vn\/?product=tuyp-thuy-tinh#primaryimage"},"image":{"@id":"https:\/\/thaisonjsc.com.vn\/?product=tuyp-thuy-tinh#primaryimage"},"thumbnailUrl":"https:\/\/thaisonjsc.com.vn\/wp-content\/uploads\/2024\/09\/ong-thuy-tinh-minh-duc-2-1.jpg","datePublished":"2025-12-05T06:15:49+00:00","dateModified":"2025-12-05T06:15:50+00:00","description":"C\u00e1c lo\u1ea1i \u1ed1ng thu\u1ef7 tinh, l\u1ecd thu\u1ef7 tinh ch\u1ea5t l\u01b0\u1ee3ng cao, thu\u1ef7 tinh si\u00eau b\u1ec1n, ch\u1ecbu \u0103n m\u00f2n ho\u00e1 h\u1ecdc, nh\u1eadn l\u00e0m thu\u1ef7 tinh theo \u00fd mu\u1ed1n. Li\u00ean h\u1ec7 ngay 0968.475.986 \u0111\u1ec3 \u0111\u1eb7t h\u00e0ng.","breadcrumb":{"@id":"https:\/\/thaisonjsc.com.vn\/?product=tuyp-thuy-tinh#breadcrumb"},"inLanguage":"vi","potentialAction":[{"@type":"ReadAction","target":["https:\/\/thaisonjsc.com.vn\/?product=tuyp-thuy-tinh"]}]},{"@type":"ImageObject","inLanguage":"vi","@id":"https:\/\/thaisonjsc.com.vn\/?product=tuyp-thuy-tinh#primaryimage","url":"https:\/\/thaisonjsc.com.vn\/wp-content\/uploads\/2024\/09\/ong-thuy-tinh-minh-duc-2-1.jpg","contentUrl":"https:\/\/thaisonjsc.com.vn\/wp-content\/uploads\/2024\/09\/ong-thuy-tinh-minh-duc-2-1.jpg","width":1860,"height":1952},{"@type":"BreadcrumbList","@id":"https:\/\/thaisonjsc.com.vn\/?product=tuyp-thuy-tinh#breadcrumb","itemListElement":[{"@type":"ListItem","position":1,"name":"Trang ch\u1ee7","item":"https:\/\/thaisonjsc.com.vn\/"},{"@type":"ListItem","position":2,"name":"C\u1eeda h\u00e0ng","item":"https:\/\/thaisonjsc.com.vn\/?page_id=261"},{"@type":"ListItem","position":3,"name":"Tu\u00fdp Th\u1ee7y Tinh"}]},{"@type":"WebSite","@id":"https:\/\/thaisonjsc.com.vn\/#website","url":"https:\/\/thaisonjsc.com.vn\/","name":"Thai Son JSC","description":"Chai l\u1ecd tu\u00fdp th\u1ee7y tinh","publisher":{"@id":"https:\/\/thaisonjsc.com.vn\/#organization"},"alternateName":"Thuy Tinh Thai Son","potentialAction":[{"@type":"SearchAction","target":{"@type":"EntryPoint","urlTemplate":"https:\/\/thaisonjsc.com.vn\/?s={search_term_string}"},"query-input":{"@type":"PropertyValueSpecification","valueRequired":true,"valueName":"search_term_string"}}],"inLanguage":"vi"},{"@type":"Organization","@id":"https:\/\/thaisonjsc.com.vn\/#organization","name":"Thai Son JSC","alternateName":"Thuy Tinh Thai Son","url":"https:\/\/thaisonjsc.com.vn\/","logo":{"@type":"ImageObject","inLanguage":"vi","@id":"https:\/\/thaisonjsc.com.vn\/#\/schema\/logo\/image\/","url":"https:\/\/thaisonjsc.com.vn\/wp-content\/uploads\/2024\/09\/cropped-cropped-cropped-MicrosoftTeams-image-2.jpg","contentUrl":"https:\/\/thaisonjsc.com.vn\/wp-content\/uploads\/2024\/09\/cropped-cropped-cropped-MicrosoftTeams-image-2.jpg","width":512,"height":512,"caption":"Thai Son JSC"},"image":{"@id":"https:\/\/thaisonjsc.com.vn\/#\/schema\/logo\/image\/"}}]}},"jetpack_sharing_enabled":true,"_links":{"self":[{"href":"https:\/\/thaisonjsc.com.vn\/index.php?rest_route=\/wp\/v2\/product\/331","targetHints":{"allow":["GET"]}}],"collection":[{"href":"https:\/\/thaisonjsc.com.vn\/index.php?rest_route=\/wp\/v2\/product"}],"about":[{"href":"https:\/\/thaisonjsc.com.vn\/index.php?rest_route=\/wp\/v2\/types\/product"}],"replies":[{"embeddable":true,"href":"https:\/\/thaisonjsc.com.vn\/index.php?rest_route=%2Fwp%2Fv2%2Fcomments&post=331"}],"wp:featuredmedia":[{"embeddable":true,"href":"https:\/\/thaisonjsc.com.vn\/index.php?rest_route=\/wp\/v2\/media\/94"}],"wp:attachment":[{"href":"https:\/\/thaisonjsc.com.vn\/index.php?rest_route=%2Fwp%2Fv2%2Fmedia&parent=331"}],"wp:term":[{"taxonomy":"product_brand","embeddable":true,"href":"https:\/\/thaisonjsc.com.vn\/index.php?rest_route=%2Fwp%2Fv2%2Fproduct_brand&post=331"},{"taxonomy":"product_cat","embeddable":true,"href":"https:\/\/thaisonjsc.com.vn\/index.php?rest_route=%2Fwp%2Fv2%2Fproduct_cat&post=331"},{"taxonomy":"product_tag","embeddable":true,"href":"https:\/\/thaisonjsc.com.vn\/index.php?rest_route=%2Fwp%2Fv2%2Fproduct_tag&post=331"}],"curies":[{"name":"wp","href":"https:\/\/api.w.org\/{rel}","templated":true}]}}