{"id":333,"date":"2025-12-05T13:30:08","date_gmt":"2025-12-05T06:30:08","guid":{"rendered":"https:\/\/thaisonjsc.com.vn\/?post_type=product&#038;p=333"},"modified":"2025-12-05T13:30:52","modified_gmt":"2025-12-05T06:30:52","slug":"ong-bong-mieng-loe","status":"publish","type":"product","link":"https:\/\/thaisonjsc.com.vn\/?product=ong-bong-mieng-loe","title":{"rendered":"\u1ed0ng b\u1ed3ng mi\u1ec7ng loe"},"content":{"rendered":"<p>V\u1edbi 8 d\u00e2y chuy\u1ec1n s\u1ea3n xu\u1ea5t v\u00e0 m\u1eb7t b\u1eb1ng nh\u00e0 x\u01b0\u1edfng g\u1ea7n 2000m2 \u0111\u1ea1t\u00a0<strong>ti\u00eau chu\u1ea9n ISO15378<\/strong>, h\u00e0ng n\u0103m c\u00f4ng ty c\u00f3 th\u1ec3 s\u1ea3n xu\u1ea5t 80.000.000 \u2013 90.000.000 s\u1ea3n ph\u1ea9m \u1ed1ng th\u1ee7y tinh c\u00e1c lo\u1ea1i t\u1eeb 1ml \u0111\u1ebfn 10ml \u0111\u1ea1t ti\u00eau chu\u1ea9n theo Quy \u0111\u1ecbnh c\u1ee7a D\u01b0\u1ee3c \u0110i\u1ec3n Vi\u1ec7t Nam. \u0110\u1eb7c bi\u1ec7t, s\u1ea3n ph\u1ea9m \u0111\u1eb7c tr\u01b0ng c\u1ee7a ch\u00fang t\u00f4i l\u00e0 \u1ed1ng th\u1ee7y tinh \u0111\u01b0\u1ee3c s\u1ea3n xu\u1ea5t v\u1edbi ti\u00eau chu\u1ea9n cao nh\u1ea5t. Nguy\u00ean li\u1ec7u \u0111\u01b0\u1ee3c\u00a0<strong>nh\u1eadp kh\u1ea9u 100%<\/strong>. D\u00e2y chuy\u1ec1n in \u1ea5n nh\u00e3n m\u00e1c s\u1ea3n ph\u1ea9m \u0111\u1ea3m b\u1ea3o ti\u00eau chu\u1ea9n t\u01b0\u01a1ng \u0111\u01b0\u01a1ng h\u00e0ng nh\u1eadp kh\u1ea9u, \u0111\u00e1p \u1ee9ng m\u1ecdi nhu c\u1ea7u c\u1ee7a kh\u00e1c h\u00e0ng trong v\u00e0 ngo\u00e0i n\u01b0\u1edbc.<\/p>\n<figure class=\"wp-block-gallery has-nested-images columns-default is-cropped wp-block-gallery-2 is-layout-flex wp-block-gallery-is-layout-flex\">\n<figure class=\"wp-block-image size-large\"><img loading=\"lazy\" decoding=\"async\" class=\"wp-image-184\" src=\"https:\/\/thaisonjsc.com.vn\/wp-content\/uploads\/2024\/09\/ong-thuy-tinh-1.jpeg\" sizes=\"auto, (max-width: 709px) 100vw, 709px\" srcset=\"https:\/\/thaisonjsc.com.vn\/wp-content\/uploads\/2024\/09\/ong-thuy-tinh-1.jpeg 709w, https:\/\/thaisonjsc.com.vn\/wp-content\/uploads\/2024\/09\/ong-thuy-tinh-1-300x293.jpeg 300w\" alt=\"\" width=\"346\" height=\"338\" data-id=\"184\" \/><\/figure>\n<figure class=\"wp-block-image size-large\"><img loading=\"lazy\" decoding=\"async\" class=\"wp-image-183\" src=\"https:\/\/thaisonjsc.com.vn\/wp-content\/uploads\/2024\/09\/SCHOTT-ILLAX-ProductDetailApplications1-720x430-2.jpeg\" sizes=\"auto, (max-width: 720px) 100vw, 720px\" srcset=\"https:\/\/thaisonjsc.com.vn\/wp-content\/uploads\/2024\/09\/SCHOTT-ILLAX-ProductDetailApplications1-720x430-2.jpeg 720w, https:\/\/thaisonjsc.com.vn\/wp-content\/uploads\/2024\/09\/SCHOTT-ILLAX-ProductDetailApplications1-720x430-2-300x179.jpeg 300w\" alt=\"\" width=\"346\" height=\"207\" data-id=\"183\" \/><\/figure>\n<\/figure>\n<p>D\u00e2y truy\u1ec1n in \u1ea5n nh\u00e3n m\u00e1c \u0111\u1ea3m b\u1ea3o ti\u00eau chu\u1ea9n<\/p>\n<figure class=\"wp-block-video\"><div style=\"width: 950px;\" class=\"wp-video\"><video class=\"wp-video-shortcode\" id=\"video-333-1\" width=\"950\" height=\"534\" preload=\"metadata\" controls=\"controls\"><source type=\"video\/mp4\" src=\"https:\/\/thaisonjsc.com.vn\/wp-content\/uploads\/2024\/09\/in.mp4?_=1\" \/><a href=\"https:\/\/thaisonjsc.com.vn\/wp-content\/uploads\/2024\/09\/in.mp4\">https:\/\/thaisonjsc.com.vn\/wp-content\/uploads\/2024\/09\/in.mp4<\/a><\/video><\/div><\/figure>\n<figure class=\"wp-block-gallery has-nested-images columns-default is-cropped wp-block-gallery-3 is-layout-flex wp-block-gallery-is-layout-flex\">\n<figure class=\"wp-block-image size-large\"><div style=\"width: 720px;\" class=\"wp-video\"><video class=\"wp-video-shortcode\" id=\"video-333-2\" width=\"720\" height=\"1280\" preload=\"metadata\" controls=\"controls\"><source type=\"video\/mp4\" src=\"https:\/\/thaisonjsc.com.vn\/wp-content\/uploads\/2024\/09\/TQ-keo-ong-ngan.mp4?_=2\" \/><a href=\"https:\/\/thaisonjsc.com.vn\/wp-content\/uploads\/2024\/09\/TQ-keo-ong-ngan.mp4\">https:\/\/thaisonjsc.com.vn\/wp-content\/uploads\/2024\/09\/TQ-keo-ong-ngan.mp4<\/a><\/video><\/div><\/figure>\n<figure class=\"wp-block-image size-large\"><\/figure>\n<\/figure>\n<figure class=\"wp-block-video\"><\/figure>\n<h1 id=\"h-ban-\u1ed1ng-th\u1ee7y-tinh-ha-n\u1ed9i-tphcm-ship-t\u1eadn-n\u01a1i-d\u1ebfn-cac-t\u1ec9nh-thanh\" class=\"wp-block-heading\">B\u00e1n \u1ed1ng th\u1ee7y tinh H\u00e0 N\u1ed9i, tpHCM, ship t\u1eadn n\u01a1i \u0111\u1ebfn c\u00e1c t\u1ec9nh th\u00e0nh<\/h1>\n<h2 id=\"h-cac-lo\u1ea1i-\u1ed1ng-th\u1ee7y-tinh-ch\u1ecbu-nhi\u1ec7t-ma-chung-toi-dang-cung-c\u1ea5p\" class=\"wp-block-heading\">C\u00e1c lo\u1ea1i \u1ed1ng th\u1ee7y tinh ch\u1ecbu nhi\u1ec7t m\u00e0 ch\u00fang t\u00f4i \u0111ang cung c\u1ea5p :<\/h2>\n<h1 id=\"h-\u1ed1ng-nghi\u1ec7m-thu\u1ef7-tinh-nhi\u1ec1u-kich-th\u01b0\u1edbc\" class=\"wp-block-heading\">\u1ed0ng nghi\u1ec7m thu\u1ef7 tinh (nhi\u1ec1u k\u00edch th\u01b0\u1edbc)<\/h1>\n<h1 id=\"h-ban-\u1ed1ng-th\u1ee7y-tinh-ch\u1ecbu-nhi\u1ec7t-cac-kich-c\u1ee1-t\u1ea1i-ha-n\u1ed9i-tp-hcm-toan-qu\u1ed1c\" class=\"wp-block-heading\">B\u00e1n \u1ed1ng th\u1ee7y tinh ch\u1ecbu nhi\u1ec7t c\u00e1c k\u00edch c\u1ee1 t\u1ea1i H\u00e0 N\u1ed9i, Tp HCM, to\u00e0n qu\u1ed1c<\/h1>\n<h3 id=\"h-ban-\u1ed1ng-th\u1ee7y-tinh-ch\u1ecbu-nhi\u1ec7t-cac-kich-c\u1ee1-nbsp-t\u1ea1i-ha-n\u1ed9i\" class=\"wp-block-heading\">B\u00e1n \u1ed1ng th\u1ee7y tinh ch\u1ecbu nhi\u1ec7t c\u00e1c k\u00edch c\u1ee1\u00a0t\u1ea1i H\u00e0 N\u1ed9i<\/h3>\n<h3 id=\"h-ban-\u1ed1ng-th\u1ee7y-tinh-ch\u1ecbu-nhi\u1ec7t-tp-hcm\" class=\"wp-block-heading\">B\u00e1n \u1ed1ng th\u1ee7y tinh ch\u1ecbu nhi\u1ec7t Tp HCM<\/h3>\n<h2 id=\"h-thong-s\u1ed1-k\u1ef9-thu\u1eadt-c\u1ee7a-\u1ed1ng-th\u1ee7y-tinh-ch\u1ecbu-nhi\u1ec7t-borosilicate\" class=\"wp-block-heading\">Th\u00f4ng s\u1ed1 k\u1ef9 thu\u1eadt c\u1ee7a \u1ed0ng th\u1ee7y tinh ch\u1ecbu nhi\u1ec7t Borosilicate<\/h2>\n<h1 id=\"h-\u1ed1ng-th\u1ee7y-tinh\" class=\"wp-block-heading\">\u1ed1ng th\u1ee7y tinh<\/h1>\n<h2 id=\"h-shop-\u1ed1ng-th\u1ee7y-tinh-dang-phan-ph\u1ed1i-cac-c\u1ee1-\u1ed1ng\" class=\"wp-block-heading\">Shop \u1ed1ng th\u1ee7y tinh \u0111ang ph\u00e2n ph\u1ed1i c\u00e1c c\u1ee1 \u1ed1ng<\/h2>\n<h2 id=\"h-\u1ed1ng-th\u1ee7y-tinh-c\u1ee1-l\u1edbn\" class=\"wp-block-heading\">\u1ed0ng th\u1ee7y tinh c\u1ee1 l\u1edbn<\/h2>\n","protected":false},"excerpt":{"rendered":"<p>V\u1edbi 8 d\u00e2y chuy\u1ec1n s\u1ea3n xu\u1ea5t v\u00e0 m\u1eb7t b\u1eb1ng nh\u00e0 x\u01b0\u1edfng g\u1ea7n 2000m2 \u0111\u1ea1t\u00a0ti\u00eau chu\u1ea9n ISO15378, h\u00e0ng n\u0103m c\u00f4ng ty c\u00f3 th\u1ec3 s\u1ea3n xu\u1ea5t 80.000.000 \u2013 90.000.000 s\u1ea3n ph\u1ea9m \u1ed1ng th\u1ee7y tinh c\u00e1c lo\u1ea1i t\u1eeb 1ml \u0111\u1ebfn 10ml \u0111\u1ea1t ti\u00eau chu\u1ea9n theo Quy \u0111\u1ecbnh c\u1ee7a D\u01b0\u1ee3c \u0110i\u1ec3n Vi\u1ec7t Nam. \u0110\u1eb7c bi\u1ec7t, s\u1ea3n ph\u1ea9m \u0111\u1eb7c tr\u01b0ng &hellip; <\/p>\n<p class=\"link-more\"><a href=\"https:\/\/thaisonjsc.com.vn\/?product=ong-bong-mieng-loe\" class=\"more-link\">Read more<span class=\"screen-reader-text\"> &#8220;\u1ed0ng b\u1ed3ng mi\u1ec7ng loe&#8221;<\/span><\/a><\/p>\n","protected":false},"featured_media":207,"comment_status":"open","ping_status":"closed","template":"","meta":[],"product_brand":[],"product_cat":[36],"product_tag":[37],"class_list":{"0":"post-333","1":"product","2":"type-product","3":"status-publish","4":"has-post-thumbnail","6":"product_cat-ong-thuy-tinh","7":"product_tag-ong-thuy-tinh","9":"first","10":"instock","11":"shipping-taxable","12":"product-type-simple"},"yoast_head":"<!-- This site is optimized with the Yoast SEO Premium plugin v26.2 (Yoast SEO v27.4) - https:\/\/yoast.com\/product\/yoast-seo-premium-wordpress\/ -->\n<title>\u1ed0ng b\u1ed3ng mi\u1ec7ng loe - Thai Son JSC<\/title>\n<meta name=\"description\" content=\"Cung c\u1ea5p c\u00e1c lo\u1ea1i chai l\u1ecd th\u1ee7y tinh, chai siro, chai thu\u1ed1c, n\u1eafp nh\u00f4m, n\u00fat cao su. Bao b\u00ec d\u01b0\u1ee3c. \u1ed0ng th\u1ee7y tinh. Li\u00ean h\u1ec7 ngay 0968.475.986 \u0111\u1ec3 \u0111\u1eb7t h\u00e0ng.\" \/>\n<meta name=\"robots\" content=\"index, follow, max-snippet:-1, max-image-preview:large, max-video-preview:-1\" \/>\n<link rel=\"canonical\" href=\"https:\/\/thaisonjsc.com.vn\/?product=ong-bong-mieng-loe\" \/>\n<meta property=\"og:locale\" content=\"vi_VN\" \/>\n<meta property=\"og:type\" content=\"article\" \/>\n<meta property=\"og:title\" content=\"\u1ed0ng b\u1ed3ng mi\u1ec7ng loe\" \/>\n<meta property=\"og:description\" content=\"Cung c\u1ea5p c\u00e1c lo\u1ea1i chai l\u1ecd th\u1ee7y tinh, chai siro, chai thu\u1ed1c, n\u1eafp nh\u00f4m, n\u00fat cao su. Bao b\u00ec d\u01b0\u1ee3c. \u1ed0ng th\u1ee7y tinh. Li\u00ean h\u1ec7 ngay 0968.475.986 \u0111\u1ec3 \u0111\u1eb7t h\u00e0ng.\" \/>\n<meta property=\"og:url\" content=\"https:\/\/thaisonjsc.com.vn\/?product=ong-bong-mieng-loe\" \/>\n<meta property=\"og:site_name\" content=\"Thai Son JSC\" \/>\n<meta property=\"article:modified_time\" content=\"2025-12-05T06:30:52+00:00\" \/>\n<meta property=\"og:image\" content=\"https:\/\/thaisonjsc.com.vn\/wp-content\/uploads\/2024\/09\/ong-bong-loe-4.gif\" \/>\n\t<meta property=\"og:image:width\" content=\"512\" \/>\n\t<meta property=\"og:image:height\" content=\"342\" \/>\n\t<meta property=\"og:image:type\" content=\"image\/gif\" \/>\n<meta name=\"twitter:card\" content=\"summary_large_image\" \/>\n<meta name=\"twitter:label1\" content=\"\u01af\u1edbc t\u00ednh th\u1eddi gian \u0111\u1ecdc\" \/>\n\t<meta name=\"twitter:data1\" content=\"2 ph\u00fat\" \/>\n<script type=\"application\/ld+json\" class=\"yoast-schema-graph\">{\"@context\":\"https:\\\/\\\/schema.org\",\"@graph\":[{\"@type\":\"WebPage\",\"@id\":\"https:\\\/\\\/thaisonjsc.com.vn\\\/?product=ong-bong-mieng-loe\",\"url\":\"https:\\\/\\\/thaisonjsc.com.vn\\\/?product=ong-bong-mieng-loe\",\"name\":\"\u1ed0ng b\u1ed3ng mi\u1ec7ng loe - Thai Son JSC\",\"isPartOf\":{\"@id\":\"https:\\\/\\\/thaisonjsc.com.vn\\\/#website\"},\"primaryImageOfPage\":{\"@id\":\"https:\\\/\\\/thaisonjsc.com.vn\\\/?product=ong-bong-mieng-loe#primaryimage\"},\"image\":{\"@id\":\"https:\\\/\\\/thaisonjsc.com.vn\\\/?product=ong-bong-mieng-loe#primaryimage\"},\"thumbnailUrl\":\"https:\\\/\\\/thaisonjsc.com.vn\\\/wp-content\\\/uploads\\\/2024\\\/09\\\/ong-bong-loe-4.gif\",\"datePublished\":\"2025-12-05T06:30:08+00:00\",\"dateModified\":\"2025-12-05T06:30:52+00:00\",\"description\":\"Cung c\u1ea5p c\u00e1c lo\u1ea1i chai l\u1ecd th\u1ee7y tinh, chai siro, chai thu\u1ed1c, n\u1eafp nh\u00f4m, n\u00fat cao su. Bao b\u00ec d\u01b0\u1ee3c. \u1ed0ng th\u1ee7y tinh. Li\u00ean h\u1ec7 ngay 0968.475.986 \u0111\u1ec3 \u0111\u1eb7t h\u00e0ng.\",\"breadcrumb\":{\"@id\":\"https:\\\/\\\/thaisonjsc.com.vn\\\/?product=ong-bong-mieng-loe#breadcrumb\"},\"inLanguage\":\"vi\",\"potentialAction\":[{\"@type\":\"ReadAction\",\"target\":[\"https:\\\/\\\/thaisonjsc.com.vn\\\/?product=ong-bong-mieng-loe\"]}]},{\"@type\":\"ImageObject\",\"inLanguage\":\"vi\",\"@id\":\"https:\\\/\\\/thaisonjsc.com.vn\\\/?product=ong-bong-mieng-loe#primaryimage\",\"url\":\"https:\\\/\\\/thaisonjsc.com.vn\\\/wp-content\\\/uploads\\\/2024\\\/09\\\/ong-bong-loe-4.gif\",\"contentUrl\":\"https:\\\/\\\/thaisonjsc.com.vn\\\/wp-content\\\/uploads\\\/2024\\\/09\\\/ong-bong-loe-4.gif\",\"width\":512,\"height\":342},{\"@type\":\"BreadcrumbList\",\"@id\":\"https:\\\/\\\/thaisonjsc.com.vn\\\/?product=ong-bong-mieng-loe#breadcrumb\",\"itemListElement\":[{\"@type\":\"ListItem\",\"position\":1,\"name\":\"Trang ch\u1ee7\",\"item\":\"https:\\\/\\\/thaisonjsc.com.vn\\\/\"},{\"@type\":\"ListItem\",\"position\":2,\"name\":\"C\u1eeda h\u00e0ng\",\"item\":\"https:\\\/\\\/thaisonjsc.com.vn\\\/?page_id=261\"},{\"@type\":\"ListItem\",\"position\":3,\"name\":\"\u1ed0ng b\u1ed3ng mi\u1ec7ng loe\"}]},{\"@type\":\"WebSite\",\"@id\":\"https:\\\/\\\/thaisonjsc.com.vn\\\/#website\",\"url\":\"https:\\\/\\\/thaisonjsc.com.vn\\\/\",\"name\":\"Thai Son JSC\",\"description\":\"Chai l\u1ecd tu\u00fdp th\u1ee7y tinh\",\"publisher\":{\"@id\":\"https:\\\/\\\/thaisonjsc.com.vn\\\/#organization\"},\"alternateName\":\"Thuy Tinh Thai Son\",\"potentialAction\":[{\"@type\":\"SearchAction\",\"target\":{\"@type\":\"EntryPoint\",\"urlTemplate\":\"https:\\\/\\\/thaisonjsc.com.vn\\\/?s={search_term_string}\"},\"query-input\":{\"@type\":\"PropertyValueSpecification\",\"valueRequired\":true,\"valueName\":\"search_term_string\"}}],\"inLanguage\":\"vi\"},{\"@type\":\"Organization\",\"@id\":\"https:\\\/\\\/thaisonjsc.com.vn\\\/#organization\",\"name\":\"Thai Son JSC\",\"alternateName\":\"Thuy Tinh Thai Son\",\"url\":\"https:\\\/\\\/thaisonjsc.com.vn\\\/\",\"logo\":{\"@type\":\"ImageObject\",\"inLanguage\":\"vi\",\"@id\":\"https:\\\/\\\/thaisonjsc.com.vn\\\/#\\\/schema\\\/logo\\\/image\\\/\",\"url\":\"https:\\\/\\\/thaisonjsc.com.vn\\\/wp-content\\\/uploads\\\/2024\\\/09\\\/cropped-cropped-cropped-MicrosoftTeams-image-2.jpg\",\"contentUrl\":\"https:\\\/\\\/thaisonjsc.com.vn\\\/wp-content\\\/uploads\\\/2024\\\/09\\\/cropped-cropped-cropped-MicrosoftTeams-image-2.jpg\",\"width\":512,\"height\":512,\"caption\":\"Thai Son JSC\"},\"image\":{\"@id\":\"https:\\\/\\\/thaisonjsc.com.vn\\\/#\\\/schema\\\/logo\\\/image\\\/\"}}]}<\/script>\n<!-- \/ Yoast SEO Premium plugin. -->","yoast_head_json":{"title":"\u1ed0ng b\u1ed3ng mi\u1ec7ng loe - Thai Son JSC","description":"Cung c\u1ea5p c\u00e1c lo\u1ea1i chai l\u1ecd th\u1ee7y tinh, chai siro, chai thu\u1ed1c, n\u1eafp nh\u00f4m, n\u00fat cao su. Bao b\u00ec d\u01b0\u1ee3c. \u1ed0ng th\u1ee7y tinh. Li\u00ean h\u1ec7 ngay 0968.475.986 \u0111\u1ec3 \u0111\u1eb7t h\u00e0ng.","robots":{"index":"index","follow":"follow","max-snippet":"max-snippet:-1","max-image-preview":"max-image-preview:large","max-video-preview":"max-video-preview:-1"},"canonical":"https:\/\/thaisonjsc.com.vn\/?product=ong-bong-mieng-loe","og_locale":"vi_VN","og_type":"article","og_title":"\u1ed0ng b\u1ed3ng mi\u1ec7ng loe","og_description":"Cung c\u1ea5p c\u00e1c lo\u1ea1i chai l\u1ecd th\u1ee7y tinh, chai siro, chai thu\u1ed1c, n\u1eafp nh\u00f4m, n\u00fat cao su. Bao b\u00ec d\u01b0\u1ee3c. \u1ed0ng th\u1ee7y tinh. Li\u00ean h\u1ec7 ngay 0968.475.986 \u0111\u1ec3 \u0111\u1eb7t h\u00e0ng.","og_url":"https:\/\/thaisonjsc.com.vn\/?product=ong-bong-mieng-loe","og_site_name":"Thai Son JSC","article_modified_time":"2025-12-05T06:30:52+00:00","og_image":[{"width":512,"height":342,"url":"https:\/\/thaisonjsc.com.vn\/wp-content\/uploads\/2024\/09\/ong-bong-loe-4.gif","type":"image\/gif"}],"twitter_card":"summary_large_image","twitter_misc":{"\u01af\u1edbc t\u00ednh th\u1eddi gian \u0111\u1ecdc":"2 ph\u00fat"},"schema":{"@context":"https:\/\/schema.org","@graph":[{"@type":"WebPage","@id":"https:\/\/thaisonjsc.com.vn\/?product=ong-bong-mieng-loe","url":"https:\/\/thaisonjsc.com.vn\/?product=ong-bong-mieng-loe","name":"\u1ed0ng b\u1ed3ng mi\u1ec7ng loe - Thai Son JSC","isPartOf":{"@id":"https:\/\/thaisonjsc.com.vn\/#website"},"primaryImageOfPage":{"@id":"https:\/\/thaisonjsc.com.vn\/?product=ong-bong-mieng-loe#primaryimage"},"image":{"@id":"https:\/\/thaisonjsc.com.vn\/?product=ong-bong-mieng-loe#primaryimage"},"thumbnailUrl":"https:\/\/thaisonjsc.com.vn\/wp-content\/uploads\/2024\/09\/ong-bong-loe-4.gif","datePublished":"2025-12-05T06:30:08+00:00","dateModified":"2025-12-05T06:30:52+00:00","description":"Cung c\u1ea5p c\u00e1c lo\u1ea1i chai l\u1ecd th\u1ee7y tinh, chai siro, chai thu\u1ed1c, n\u1eafp nh\u00f4m, n\u00fat cao su. Bao b\u00ec d\u01b0\u1ee3c. \u1ed0ng th\u1ee7y tinh. Li\u00ean h\u1ec7 ngay 0968.475.986 \u0111\u1ec3 \u0111\u1eb7t h\u00e0ng.","breadcrumb":{"@id":"https:\/\/thaisonjsc.com.vn\/?product=ong-bong-mieng-loe#breadcrumb"},"inLanguage":"vi","potentialAction":[{"@type":"ReadAction","target":["https:\/\/thaisonjsc.com.vn\/?product=ong-bong-mieng-loe"]}]},{"@type":"ImageObject","inLanguage":"vi","@id":"https:\/\/thaisonjsc.com.vn\/?product=ong-bong-mieng-loe#primaryimage","url":"https:\/\/thaisonjsc.com.vn\/wp-content\/uploads\/2024\/09\/ong-bong-loe-4.gif","contentUrl":"https:\/\/thaisonjsc.com.vn\/wp-content\/uploads\/2024\/09\/ong-bong-loe-4.gif","width":512,"height":342},{"@type":"BreadcrumbList","@id":"https:\/\/thaisonjsc.com.vn\/?product=ong-bong-mieng-loe#breadcrumb","itemListElement":[{"@type":"ListItem","position":1,"name":"Trang ch\u1ee7","item":"https:\/\/thaisonjsc.com.vn\/"},{"@type":"ListItem","position":2,"name":"C\u1eeda h\u00e0ng","item":"https:\/\/thaisonjsc.com.vn\/?page_id=261"},{"@type":"ListItem","position":3,"name":"\u1ed0ng b\u1ed3ng mi\u1ec7ng loe"}]},{"@type":"WebSite","@id":"https:\/\/thaisonjsc.com.vn\/#website","url":"https:\/\/thaisonjsc.com.vn\/","name":"Thai Son JSC","description":"Chai l\u1ecd tu\u00fdp th\u1ee7y tinh","publisher":{"@id":"https:\/\/thaisonjsc.com.vn\/#organization"},"alternateName":"Thuy Tinh Thai Son","potentialAction":[{"@type":"SearchAction","target":{"@type":"EntryPoint","urlTemplate":"https:\/\/thaisonjsc.com.vn\/?s={search_term_string}"},"query-input":{"@type":"PropertyValueSpecification","valueRequired":true,"valueName":"search_term_string"}}],"inLanguage":"vi"},{"@type":"Organization","@id":"https:\/\/thaisonjsc.com.vn\/#organization","name":"Thai Son JSC","alternateName":"Thuy Tinh Thai Son","url":"https:\/\/thaisonjsc.com.vn\/","logo":{"@type":"ImageObject","inLanguage":"vi","@id":"https:\/\/thaisonjsc.com.vn\/#\/schema\/logo\/image\/","url":"https:\/\/thaisonjsc.com.vn\/wp-content\/uploads\/2024\/09\/cropped-cropped-cropped-MicrosoftTeams-image-2.jpg","contentUrl":"https:\/\/thaisonjsc.com.vn\/wp-content\/uploads\/2024\/09\/cropped-cropped-cropped-MicrosoftTeams-image-2.jpg","width":512,"height":512,"caption":"Thai Son JSC"},"image":{"@id":"https:\/\/thaisonjsc.com.vn\/#\/schema\/logo\/image\/"}}]}},"jetpack_sharing_enabled":true,"_links":{"self":[{"href":"https:\/\/thaisonjsc.com.vn\/index.php?rest_route=\/wp\/v2\/product\/333","targetHints":{"allow":["GET"]}}],"collection":[{"href":"https:\/\/thaisonjsc.com.vn\/index.php?rest_route=\/wp\/v2\/product"}],"about":[{"href":"https:\/\/thaisonjsc.com.vn\/index.php?rest_route=\/wp\/v2\/types\/product"}],"replies":[{"embeddable":true,"href":"https:\/\/thaisonjsc.com.vn\/index.php?rest_route=%2Fwp%2Fv2%2Fcomments&post=333"}],"wp:featuredmedia":[{"embeddable":true,"href":"https:\/\/thaisonjsc.com.vn\/index.php?rest_route=\/wp\/v2\/media\/207"}],"wp:attachment":[{"href":"https:\/\/thaisonjsc.com.vn\/index.php?rest_route=%2Fwp%2Fv2%2Fmedia&parent=333"}],"wp:term":[{"taxonomy":"product_brand","embeddable":true,"href":"https:\/\/thaisonjsc.com.vn\/index.php?rest_route=%2Fwp%2Fv2%2Fproduct_brand&post=333"},{"taxonomy":"product_cat","embeddable":true,"href":"https:\/\/thaisonjsc.com.vn\/index.php?rest_route=%2Fwp%2Fv2%2Fproduct_cat&post=333"},{"taxonomy":"product_tag","embeddable":true,"href":"https:\/\/thaisonjsc.com.vn\/index.php?rest_route=%2Fwp%2Fv2%2Fproduct_tag&post=333"}],"curies":[{"name":"wp","href":"https:\/\/api.w.org\/{rel}","templated":true}]}}